{"id":2020,"date":"2018-06-10T17:52:07","date_gmt":"2018-06-10T17:52:07","guid":{"rendered":"https:\/\/vtc-prestige-premium.com\/?page_id=2020"},"modified":"2018-07-26T00:04:48","modified_gmt":"2018-07-25T22:04:48","slug":"legal-notice","status":"publish","type":"page","link":"https:\/\/vtc-prestige-premium.com\/en\/legal-notice\/","title":{"rendered":"Legal Notice"},"content":{"rendered":"<h3>Informations g\u00e9n\u00e9rales<\/h3>\n<p>D\u00e9nomination : VTC PRESTIGE PREMIUM<br \/>\nForme juridique : Auto-entrepreneur<br \/>\nCapital social : 1500 \u20ac<br \/>\nSi\u00e8ge social : Ramonville saint agne<br \/>\nN\u00b0 Siret :83064196500017<\/p>\n<p>Le directeur de publication est Monsieur Adadain.<\/p>\n<h3>Agence de Cr\u00e9ation du Site Internet<\/h3>\n<p>Ce site a \u00e9t\u00e9 cr\u00e9\u00e9 par : <a href=\"https:\/\/kimarotec.net\/\" target=\"_blank\" rel=\"noopener\">KIMAROTEC.NET<\/a><br \/>\nCe site est maintenu par : <a href=\"https:\/\/sitepourvtc.com\/\" target=\"_blank\" rel=\"noopener\">\u00a0<\/a><a href=\"https:\/\/kimarotec.net\/\" target=\"_blank\" rel=\"noopener\">KIMAROTEC.NET<\/a><br \/>\nCode APE : F0212N<br \/>\nE-mail : hello@kimarotec.net<\/p>\n<p>Le site <a href=\"https:\/\/vtc-prestige-premium.com\/\">www.<\/a>vtc-prestige-premium.com est h\u00e9berg\u00e9 par 1and1.<\/p>\n<p><strong>Propri\u00e9t\u00e9 intellectuelle<\/strong><\/p>\n<p>Ce site constitue une \u0153uvre prot\u00e9g\u00e9e par le droit d\u2019auteur en vigueur en France. Par ailleurs, sauf mention contraire, les droits de propri\u00e9t\u00e9 intellectuelle sur les documents contenus dans le site (textes, photographies, images etc.) et chacun des \u00e9l\u00e9ments publi\u00e9s sur le site www.vtc-prestige-premium.com sont la propri\u00e9t\u00e9 exclusive de <strong>KIMAROTEC<\/strong>. L\u2019utilisation ou la reproduction de tous \u00e9l\u00e9ments publi\u00e9s sur le site <strong>www.vtc-prestige-premium.com<\/strong> est express\u00e9ment interdite (art. 122.4 du code de la propri\u00e9t\u00e9 intellectuelle).<br \/>\n<strong>Utilisations de Google Analytics<\/strong><\/p>\n<p>Ce site utilise Google Analytics, un service d\u2019analyse de site internet fourni par Google Inc. (\u00ab Google \u00bb). Google Analytics utilise des cookies, qui sont des fichiers texte plac\u00e9s sur votre ordinateur, pour aider le site internet \u00e0 analyser l\u2019utilisation du site par ses utilisateurs.<br \/>\n<strong>Limitation de responsabilit\u00e9<\/strong><\/p>\n<p>Vous utilisez ce site sous votre seule et enti\u00e8re responsabilit\u00e9. ALLURE NOIRE ne pourra \u00eatre tenue pour responsable des dommages directs ou indirects, tels que, notamment, pr\u00e9judice mat\u00e9riel, pertes de donn\u00e9es ou de programmes, pr\u00e9judice financier, r\u00e9sultant de l\u2019utilisation de ce site ou de sites qui lui sont li\u00e9s.<br \/>\n<strong>Mise \u00e0 jour<\/strong><\/p>\n<p>Vtc Prestige Premium\u00a0 se r\u00e9serve le droit de modifier et de mettre \u00e0 jour, sans pr\u00e9avis, les pr\u00e9sentes mentions l\u00e9gales et tous les \u00e9l\u00e9ments, produits pr\u00e9sent\u00e9s sur le site. L\u2019ensemble de ces modifications s\u2019impose aux internautes qui doivent consulter les pr\u00e9sentes mentions l\u00e9gales lors de chaque connexion.[\/vc_column_text][\/vc_column][\/vc_row]<\/p>\n","protected":false},"excerpt":{"rendered":"<p>Informations g\u00e9n\u00e9rales D\u00e9nomination : VTC PRESTIGE PREMIUM Forme juridique : Auto-entrepreneur Capital social : 1500 \u20ac Si\u00e8ge social : Ramonville saint agne N\u00b0 Siret :83064196500017 Le directeur de publication est Monsieur Adadain. Agence de Cr\u00e9ation du Site Internet Ce site a \u00e9t\u00e9 cr\u00e9\u00e9 par : KIMAROTEC.NET Ce site est maintenu par : \u00a0KIMAROTEC.NET Code APE [&hellip;]<\/p>\n","protected":false},"author":1,"featured_media":0,"parent":0,"menu_order":0,"comment_status":"closed","ping_status":"closed","template":"","meta":{"_monsterinsights_skip_tracking":false,"_monsterinsights_sitenote_active":false,"_monsterinsights_sitenote_note":"","_monsterinsights_sitenote_category":0,"footnotes":""},"class_list":["post-2020","page","type-page","status-publish","hentry"],"yoast_head":"<!-- This site is optimized with the Yoast SEO plugin v27.5 - https:\/\/yoast.com\/product\/yoast-seo-wordpress\/ -->\n<title>Chauffeur Priv\u00e9 VTC - Lille<\/title>\n<meta name=\"description\" content=\"Legal notice of VTC PRESTIGE PREMIUM\" \/>\n<meta name=\"robots\" content=\"index, follow, max-snippet:-1, max-image-preview:large, max-video-preview:-1\" \/>\n<link rel=\"canonical\" href=\"https:\/\/vtc-prestige-premium.com\/en\/legal-notice\/\" \/>\n<meta property=\"og:locale\" content=\"en_US\" \/>\n<meta property=\"og:type\" content=\"article\" \/>\n<meta property=\"og:title\" content=\"Chauffeur Priv\u00e9 VTC - Lille\" \/>\n<meta property=\"og:description\" content=\"Legal notice of VTC PRESTIGE PREMIUM\" \/>\n<meta property=\"og:url\" content=\"https:\/\/vtc-prestige-premium.com\/en\/legal-notice\/\" \/>\n<meta property=\"og:site_name\" content=\"Service de Chauffeur Priv\u00e9\" \/>\n<meta property=\"article:publisher\" content=\"https:\/\/www.facebook.com\/ToulouseAirportCab\" \/>\n<meta property=\"article:modified_time\" content=\"2018-07-25T22:04:48+00:00\" \/>\n<meta property=\"og:image\" content=\"https:\/\/vtc-prestige-premium.com\/wp-content\/uploads\/2018\/11\/cerca-autista-privato-1.jpg\" \/>\n\t<meta property=\"og:image:width\" content=\"1080\" \/>\n\t<meta property=\"og:image:height\" content=\"700\" \/>\n\t<meta property=\"og:image:type\" content=\"image\/jpeg\" \/>\n<meta name=\"twitter:label1\" content=\"Est. reading time\" \/>\n\t<meta name=\"twitter:data1\" content=\"2 minutes\" \/>\n<script type=\"application\/ld+json\" class=\"yoast-schema-graph\">{\"@context\":\"https:\\\/\\\/schema.org\",\"@graph\":[{\"@type\":\"WebPage\",\"@id\":\"https:\\\/\\\/vtc-prestige-premium.com\\\/en\\\/legal-notice\\\/\",\"url\":\"https:\\\/\\\/vtc-prestige-premium.com\\\/en\\\/legal-notice\\\/\",\"name\":\"Chauffeur Priv\u00e9 VTC - Lille\",\"isPartOf\":{\"@id\":\"https:\\\/\\\/vtc-prestige-premium.com\\\/#website\"},\"datePublished\":\"2018-06-10T17:52:07+00:00\",\"dateModified\":\"2018-07-25T22:04:48+00:00\",\"description\":\"Legal notice of VTC PRESTIGE PREMIUM\",\"breadcrumb\":{\"@id\":\"https:\\\/\\\/vtc-prestige-premium.com\\\/en\\\/legal-notice\\\/#breadcrumb\"},\"inLanguage\":\"en-US\",\"potentialAction\":[{\"@type\":\"ReadAction\",\"target\":[\"https:\\\/\\\/vtc-prestige-premium.com\\\/en\\\/legal-notice\\\/\"]}]},{\"@type\":\"BreadcrumbList\",\"@id\":\"https:\\\/\\\/vtc-prestige-premium.com\\\/en\\\/legal-notice\\\/#breadcrumb\",\"itemListElement\":[{\"@type\":\"ListItem\",\"position\":1,\"name\":\"Home\",\"item\":\"https:\\\/\\\/vtc-prestige-premium.com\\\/en\\\/\"},{\"@type\":\"ListItem\",\"position\":2,\"name\":\"Legal Notice\"}]},{\"@type\":\"WebSite\",\"@id\":\"https:\\\/\\\/vtc-prestige-premium.com\\\/#website\",\"url\":\"https:\\\/\\\/vtc-prestige-premium.com\\\/\",\"name\":\"Service de Chauffeur Priv\u00e9\",\"description\":\" VTC Lille\",\"publisher\":{\"@id\":\"https:\\\/\\\/vtc-prestige-premium.com\\\/#organization\"},\"potentialAction\":[{\"@type\":\"SearchAction\",\"target\":{\"@type\":\"EntryPoint\",\"urlTemplate\":\"https:\\\/\\\/vtc-prestige-premium.com\\\/?s={search_term_string}\"},\"query-input\":{\"@type\":\"PropertyValueSpecification\",\"valueRequired\":true,\"valueName\":\"search_term_string\"}}],\"inLanguage\":\"en-US\"},{\"@type\":\"Organization\",\"@id\":\"https:\\\/\\\/vtc-prestige-premium.com\\\/#organization\",\"name\":\"VTC PRESTIGE PREMIUM\",\"url\":\"https:\\\/\\\/vtc-prestige-premium.com\\\/\",\"logo\":{\"@type\":\"ImageObject\",\"inLanguage\":\"en-US\",\"@id\":\"https:\\\/\\\/vtc-prestige-premium.com\\\/#\\\/schema\\\/logo\\\/image\\\/\",\"url\":\"https:\\\/\\\/vtc-prestige-premium.com\\\/wp-content\\\/uploads\\\/2020\\\/10\\\/Business-woman-in-car-with-private-driver.jpg\",\"contentUrl\":\"https:\\\/\\\/vtc-prestige-premium.com\\\/wp-content\\\/uploads\\\/2020\\\/10\\\/Business-woman-in-car-with-private-driver.jpg\",\"width\":1000,\"height\":667,\"caption\":\"VTC PRESTIGE PREMIUM\"},\"image\":{\"@id\":\"https:\\\/\\\/vtc-prestige-premium.com\\\/#\\\/schema\\\/logo\\\/image\\\/\"},\"sameAs\":[\"https:\\\/\\\/www.facebook.com\\\/ToulouseAirportCab\",\"https:\\\/\\\/linkedin.com\\\/company\\\/vtc-prestige-premium\"]}]}<\/script>\n<!-- \/ Yoast SEO plugin. -->","yoast_head_json":{"title":"Chauffeur Priv\u00e9 VTC - Lille","description":"Legal notice of VTC PRESTIGE PREMIUM","robots":{"index":"index","follow":"follow","max-snippet":"max-snippet:-1","max-image-preview":"max-image-preview:large","max-video-preview":"max-video-preview:-1"},"canonical":"https:\/\/vtc-prestige-premium.com\/en\/legal-notice\/","og_locale":"en_US","og_type":"article","og_title":"Chauffeur Priv\u00e9 VTC - Lille","og_description":"Legal notice of VTC PRESTIGE PREMIUM","og_url":"https:\/\/vtc-prestige-premium.com\/en\/legal-notice\/","og_site_name":"Service de Chauffeur Priv\u00e9","article_publisher":"https:\/\/www.facebook.com\/ToulouseAirportCab","article_modified_time":"2018-07-25T22:04:48+00:00","og_image":[{"width":1080,"height":700,"url":"https:\/\/vtc-prestige-premium.com\/wp-content\/uploads\/2018\/11\/cerca-autista-privato-1.jpg","type":"image\/jpeg"}],"twitter_misc":{"Est. reading time":"2 minutes"},"schema":{"@context":"https:\/\/schema.org","@graph":[{"@type":"WebPage","@id":"https:\/\/vtc-prestige-premium.com\/en\/legal-notice\/","url":"https:\/\/vtc-prestige-premium.com\/en\/legal-notice\/","name":"Chauffeur Priv\u00e9 VTC - Lille","isPartOf":{"@id":"https:\/\/vtc-prestige-premium.com\/#website"},"datePublished":"2018-06-10T17:52:07+00:00","dateModified":"2018-07-25T22:04:48+00:00","description":"Legal notice of VTC PRESTIGE PREMIUM","breadcrumb":{"@id":"https:\/\/vtc-prestige-premium.com\/en\/legal-notice\/#breadcrumb"},"inLanguage":"en-US","potentialAction":[{"@type":"ReadAction","target":["https:\/\/vtc-prestige-premium.com\/en\/legal-notice\/"]}]},{"@type":"BreadcrumbList","@id":"https:\/\/vtc-prestige-premium.com\/en\/legal-notice\/#breadcrumb","itemListElement":[{"@type":"ListItem","position":1,"name":"Home","item":"https:\/\/vtc-prestige-premium.com\/en\/"},{"@type":"ListItem","position":2,"name":"Legal Notice"}]},{"@type":"WebSite","@id":"https:\/\/vtc-prestige-premium.com\/#website","url":"https:\/\/vtc-prestige-premium.com\/","name":"Service de Chauffeur Priv\u00e9","description":" VTC Lille","publisher":{"@id":"https:\/\/vtc-prestige-premium.com\/#organization"},"potentialAction":[{"@type":"SearchAction","target":{"@type":"EntryPoint","urlTemplate":"https:\/\/vtc-prestige-premium.com\/?s={search_term_string}"},"query-input":{"@type":"PropertyValueSpecification","valueRequired":true,"valueName":"search_term_string"}}],"inLanguage":"en-US"},{"@type":"Organization","@id":"https:\/\/vtc-prestige-premium.com\/#organization","name":"VTC PRESTIGE PREMIUM","url":"https:\/\/vtc-prestige-premium.com\/","logo":{"@type":"ImageObject","inLanguage":"en-US","@id":"https:\/\/vtc-prestige-premium.com\/#\/schema\/logo\/image\/","url":"https:\/\/vtc-prestige-premium.com\/wp-content\/uploads\/2020\/10\/Business-woman-in-car-with-private-driver.jpg","contentUrl":"https:\/\/vtc-prestige-premium.com\/wp-content\/uploads\/2020\/10\/Business-woman-in-car-with-private-driver.jpg","width":1000,"height":667,"caption":"VTC PRESTIGE PREMIUM"},"image":{"@id":"https:\/\/vtc-prestige-premium.com\/#\/schema\/logo\/image\/"},"sameAs":["https:\/\/www.facebook.com\/ToulouseAirportCab","https:\/\/linkedin.com\/company\/vtc-prestige-premium"]}]}},"_hostinger_reach_plugin_has_subscription_block":false,"_hostinger_reach_plugin_is_elementor":false,"_links":{"self":[{"href":"https:\/\/vtc-prestige-premium.com\/en\/wp-json\/wp\/v2\/pages\/2020","targetHints":{"allow":["GET"]}}],"collection":[{"href":"https:\/\/vtc-prestige-premium.com\/en\/wp-json\/wp\/v2\/pages"}],"about":[{"href":"https:\/\/vtc-prestige-premium.com\/en\/wp-json\/wp\/v2\/types\/page"}],"author":[{"embeddable":true,"href":"https:\/\/vtc-prestige-premium.com\/en\/wp-json\/wp\/v2\/users\/1"}],"replies":[{"embeddable":true,"href":"https:\/\/vtc-prestige-premium.com\/en\/wp-json\/wp\/v2\/comments?post=2020"}],"version-history":[{"count":4,"href":"https:\/\/vtc-prestige-premium.com\/en\/wp-json\/wp\/v2\/pages\/2020\/revisions"}],"predecessor-version":[{"id":2368,"href":"https:\/\/vtc-prestige-premium.com\/en\/wp-json\/wp\/v2\/pages\/2020\/revisions\/2368"}],"wp:attachment":[{"href":"https:\/\/vtc-prestige-premium.com\/en\/wp-json\/wp\/v2\/media?parent=2020"}],"curies":[{"name":"wp","href":"https:\/\/api.w.org\/{rel}","templated":true}]}}