{"id":2021,"date":"2018-06-10T18:00:13","date_gmt":"2018-06-10T18:00:13","guid":{"rendered":"https:\/\/vtc-prestige-premium.com\/?page_id=2021"},"modified":"2018-08-21T10:17:29","modified_gmt":"2018-08-21T08:17:29","slug":"custom-service","status":"publish","type":"page","link":"https:\/\/vtc-prestige-premium.com\/en\/custom-service\/","title":{"rendered":"Custom service"},"content":{"rendered":"<p>[vc_row css=&#8221;.vc_custom_1525075078876{background-image: url(https:\/\/vantablack.eu\/wp-content\/uploads\/2018\/04\/chauffeur-vtc-mercedes-E-1.jpg?id=1655) !important;background-position: center !important;background-repeat: no-repeat !important;background-size: cover !important;}&#8221; el_class=&#8221;homepage-slider bg-attached&#8221;][vc_column css=&#8221;.vc_custom_1523973182476{margin-top: 100px !important;}&#8221;][vc_custom_heading text=&#8221;Custom service&#8221; font_container=&#8221;tag:h1|font_size:50|text_align:center|color:%23ffffff&#8221; google_fonts=&#8221;font_family:Open%20Sans%3A300%2C300italic%2Cregular%2Citalic%2C600%2C600italic%2C700%2C700italic%2C800%2C800italic|font_style:800%20bold%20regular%3A800%3Anormal&#8221;][vc_custom_heading text=&#8221;of vehicle with driver&#8221; font_container=&#8221;tag:h2|font_size:50|text_align:center|color:%23ffffff&#8221; google_fonts=&#8221;font_family:Open%20Sans%3A300%2C300italic%2Cregular%2Citalic%2C600%2C600italic%2C700%2C700italic%2C800%2C800italic|font_style:600%20bold%20regular%3A600%3Anormal&#8221; css=&#8221;.vc_custom_1528718620406{margin-top: -15px !important;}&#8221;][vc_separator color=&#8221;custom&#8221; border_width=&#8221;2&#8243; el_width=&#8221;10&#8243; accent_color=&#8221;#896b2c&#8221;][vc_column_text css=&#8221;.vc_custom_1534836770812{margin-top: -20px !important;}&#8221;]<\/p>\n<p class=\"subtitle-lvl1\" style=\"text-align: center;\"><span style=\"font-family: 'trebuchet ms', geneva, sans-serif; color: #ffffff;\"><strong><span style=\"font-size: 18pt;\">Need a private driver to move freely on Toulouse?<\/span><\/strong><\/span><\/p>\n<p>[\/vc_column_text][\/vc_column][\/vc_row][vc_row el_class=&#8221; container &#8220;][vc_column width=&#8221;2\/3&#8221;][vc_row_inner][vc_column_inner][vc_column_text]<\/p>\n<h2>We offer a complete and customized delivery service<\/h2>\n<p>[\/vc_column_text][vc_separator color=&#8221;custom&#8221; align=&#8221;align_left&#8221; border_width=&#8221;2&#8243; el_width=&#8221;10&#8243; css=&#8221;.vc_custom_1524073243170{margin-top: -25px !important;}&#8221; accent_color=&#8221;#896b2c&#8221;][\/vc_column_inner][\/vc_row_inner][vc_column_text]<span style=\"font-size: 12pt; color: #000000;\">Besoin d&#8217;une voiture de tourisme avec chauffeur \u00e0 l&#8217;heure ou \u00e0 la journ\u00e9e? Nous proposons la solution adapt\u00e9e \u00e0 vos attentes<\/span><\/p>\n<ul>\n<li><span style=\"font-size: 12pt; color: #000000;\"><strong>Pour vos d\u00e9placements professionnels :<\/strong>\u00a0Congr\u00e9s, \u00c9v\u00e8nements ou diner d&#8217;affaires..<\/span><\/li>\n<li><span style=\"font-size: 12pt; color: #000000;\"><strong>Pour vos d\u00e9placements personnels :<\/strong>\u00a0Diner, Soir\u00e9es, Shopping ou un rendez-vous chez le m\u00e9decin..<\/span><\/li>\n<li><span style=\"color: #000000; font-size: 12pt;\"><strong>Une visite touristique<\/strong><\/span><\/li>\n<li><span style=\"font-size: 12pt; color: #000000;\"><strong>\u00c9v\u00e8nements exceptionnels :\u00a0<\/strong>Mariages, Anniversaires, R\u00e9ceptions..<\/span><\/li>\n<\/ul>\n<p><span style=\"font-size: 12pt; color: #000000;\">Pour toutes ces occasions, nous mettons \u00e0 disposition un Chauffeur VTC avec une Berline ou Van de standing, avec tout les \u00e9quipements n\u00e9cessaires \u00e0 bord pour rendre votre trajet agr\u00e9able.<\/span>[\/vc_column_text][vc_row_inner][vc_column_inner][vc_single_image image=&#8221;521&#8243; img_size=&#8221;full&#8221;][\/vc_column_inner][\/vc_row_inner][vc_row_inner][vc_column_inner][vc_column_text]<\/p>\n<h3><span style=\"color: #000000; font-size: 14pt;\"><span style=\"color: #000000;\"><b>Comp\u00e9tence<\/b><\/span><strong style=\"color: #000000;\">\u00a0<\/strong><\/span><\/h3>\n<p><span style=\"font-size: 12pt; color: #000000;\">Nos chauffeurs connaissent parfaitement la r\u00e9gion toulousaine, les grands magasins ainsi que les bonnes adresses gastronomiques.<\/span><br \/>\n<span style=\"font-size: 12pt; color: #000000;\">Votre chauffeur vous attendra le temps n\u00e9cessaire pour rendre agr\u00e9able vos d\u00e9placements.<\/span><br \/>\n<span style=\"font-size: 12pt; color: #000000;\">Notre but est votre satisfaction, c&#8217;est pourquoi nous travaillons chaque jour pour nous am\u00e9liorer.<\/span><br \/>\n<span style=\"font-size: 12pt; color: #000000;\">Nous sommes \u00e0 votre \u00e9coute, pour toute demande particuli\u00e8re et nous restons \u00e0 votre disposition.<\/span><br \/>\n<span style=\"font-size: 12pt; color: #000000;\"><strong>Un client satisfait est la meilleur des publicit\u00e9s\u00a0<\/strong><\/span>[\/vc_column_text][\/vc_column_inner][\/vc_row_inner][vc_row_inner][vc_column_inner][vc_column_text]<\/p>\n<h3><span style=\"font-size: 14pt; color: #000000;\"><strong>La mise \u00e0 disposition comprend<\/strong><\/span><\/h3>\n<ul style=\"list-style-type: square;\">\n<li><span style=\"font-size: 12pt; color: #000000;\">Un forfait kilom\u00e9trique (20km\/h)<\/span><\/li>\n<li><span style=\"font-size: 12pt; color: #000000;\">Une Berline ou Van haut de gamme<\/span><\/li>\n<li><span style=\"font-size: 12pt; color: #000000;\">Un chauffeur exp\u00e9riment\u00e9<\/span><\/li>\n<li><span style=\"font-size: 12pt; color: #000000;\">Un accueil personnalis\u00e9 et le transport de vos bagages<\/span><\/li>\n<li><span style=\"font-size: 12pt; color: #000000;\">Le carburant, les p\u00e9ages ainsi que les assurances\u00a0<\/span><\/li>\n<\/ul>\n<p>[\/vc_column_text][\/vc_column_inner][\/vc_row_inner][\/vc_column][vc_column width=&#8221;1\/3&#8243;][vc_row_inner css=&#8221;.vc_custom_1525435585787{padding-top: 40px !important;}&#8221;][vc_column_inner width=&#8221;1\/4&#8243; offset=&#8221;vc_hidden-xs&#8221;][vc_icon icon_fontawesome=&#8221;fa fa-check-circle-o&#8221; color=&#8221;custom&#8221; custom_color=&#8221;#bd9642&#8243;][\/vc_column_inner][vc_column_inner width=&#8221;3\/4&#8243;][vc_column_text]<strong><span style=\"color: #000000;\">Service on board<\/span><br \/>\n<\/strong>Travel any comfort! We offer a range of services on board: Refreshment, wifi internet access, mobile charger, magazines, child seat if needed.[\/vc_column_text][\/vc_column_inner][\/vc_row_inner][vc_separator style=&#8221;dashed&#8221;][vc_row_inner][vc_column_inner width=&#8221;1\/4&#8243; offset=&#8221;vc_hidden-xs&#8221;][vc_icon icon_fontawesome=&#8221;fa fa-check-circle-o&#8221; color=&#8221;custom&#8221; custom_color=&#8221;#bd9642&#8243;][\/vc_column_inner][vc_column_inner width=&#8221;3\/4&#8243;][vc_column_text]<span style=\"color: #000000;\"><b>Security<\/b><\/span><br \/>\nYour security is our priority. Our drivers are true experts of the road and our vehicles perfectly maintained.[\/vc_column_text][\/vc_column_inner][\/vc_row_inner][vc_separator style=&#8221;dashed&#8221;][vc_row_inner][vc_column_inner width=&#8221;1\/4&#8243; offset=&#8221;vc_hidden-xs&#8221;][vc_icon icon_fontawesome=&#8221;fa fa-check-circle-o&#8221; color=&#8221;custom&#8221; custom_color=&#8221;#bd9642&#8243;][\/vc_column_inner][vc_column_inner width=&#8221;3\/4&#8243;][vc_column_text]<strong><span style=\"color: #000000;\">VTC: Mastered price<\/span><br \/>\n<\/strong>Unlike a taxi, you do not have a meter running. The price of a race is known and fixed, in advance, no bad surprise![\/vc_column_text][\/vc_column_inner][\/vc_row_inner][vc_separator style=&#8221;dashed&#8221;][vc_row_inner][vc_column_inner width=&#8221;1\/4&#8243; offset=&#8221;vc_hidden-xs&#8221;][vc_icon icon_fontawesome=&#8221;fa fa-check-circle-o&#8221; color=&#8221;custom&#8221; custom_color=&#8221;#bd9642&#8243;][\/vc_column_inner][vc_column_inner width=&#8221;3\/4&#8243;][vc_column_text]<strong><span style=\"color: #000000;\">Courtesy, discretion and friendliness<\/span><br \/>\n<\/strong>Our drivers are courteous and we are committed to making your transfer a pleasant one. We know your habits and know how to take them into account.[\/vc_column_text][\/vc_column_inner][\/vc_row_inner][\/vc_column][\/vc_row][vc_row css=&#8221;.vc_custom_1534839076790{padding-top: 50px !important;padding-bottom: 50px !important;background-image: url(https:\/\/vtc-prestige-premium.com\/wp-content\/uploads\/2018\/08\/location-voiture-transfert-chauffeur-car-luxe-vtc-normandy-normandie-mercedes-rolls-royce-bentley-maybach-s600-s500-s-63-amg-s63-s65-65-orangepeel.jpg?id=2497) !important;background-position: center !important;background-repeat: no-repeat !important;background-size: cover !important;}&#8221;][vc_column][vc_btn title=&#8221;CONTACT US&#8221; style=&#8221;outline-custom&#8221; outline_custom_color=&#8221;#ffffff&#8221; outline_custom_hover_background=&#8221;#ffffff&#8221; outline_custom_hover_text=&#8221;#000000&#8243; shape=&#8221;square&#8221; size=&#8221;lg&#8221; align=&#8221;center&#8221; link=&#8221;url:https%3A%2F%2Fvtc-prestige-premium.com%2Fen%2Fcontact-us|||&#8221;][\/vc_column][\/vc_row][vc_row][vc_column][vc_row_inner el_class=&#8221; container &#8220;][vc_column_inner][vc_column_text]<\/p>\n<h2 style=\"text-align: center;\"><span style=\"font-size: 18pt; color: #000000;\"><strong>Two ranges of vehicles available to you<\/strong><\/span><\/h2>\n<p>[\/vc_column_text][\/vc_column_inner][\/vc_row_inner][vc_row_inner el_class=&#8221; container &#8220;][vc_column_inner width=&#8221;1\/2&#8243;][vc_single_image image=&#8221;1981&#8243; img_size=&#8221;large&#8221; alignment=&#8221;center&#8221; css=&#8221;.vc_custom_1528634490410{margin-top: 10px !important;}&#8221;][vc_column_text css=&#8221;.vc_custom_1528634517915{margin-top: -45px !important;}&#8221;]<\/p>\n<h3 style=\"text-align: center;\"><span style=\"color: #808080;\"><strong><span style=\"font-size: 14pt;\">Berline<\/span><\/strong><\/span><\/h3>\n<p>[\/vc_column_text][vc_single_image image=&#8221;1979&#8243; img_size=&#8221;medium&#8221; alignment=&#8221;center&#8221; css=&#8221;.vc_custom_1528634540227{margin-top: -35px !important;}&#8221;][\/vc_column_inner][vc_column_inner width=&#8221;1\/2&#8243;][vc_single_image image=&#8221;1982&#8243; img_size=&#8221;large&#8221; alignment=&#8221;center&#8221;][vc_column_text css=&#8221;.vc_custom_1528634528567{margin-top: -35px !important;}&#8221;]<\/p>\n<h3 style=\"text-align: center;\"><span style=\"color: #808080;\"><strong><span style=\"font-size: 14pt;\">Van<\/span><\/strong><\/span><\/h3>\n<p>[\/vc_column_text][vc_single_image image=&#8221;1978&#8243; img_size=&#8221;medium&#8221; alignment=&#8221;center&#8221; css=&#8221;.vc_custom_1528634552467{margin-top: -35px !important;}&#8221;][\/vc_column_inner][\/vc_row_inner][\/vc_column][\/vc_row][vc_row gap=&#8221;25&#8243; equal_height=&#8221;yes&#8221; css_animation=&#8221;none&#8221; el_class=&#8221; container &#8220;][vc_column width=&#8221;1\/3&#8243; css=&#8221;.vc_custom_1525258343566{padding-top: 120px !important;background-image: url(https:\/\/vantablack.eu\/wp-content\/uploads\/2018\/04\/chauffeur-vtc-prive-transfert.jpg?id=1369) !important;background-position: center !important;background-repeat: no-repeat !important;background-size: cover !important;}&#8221;][vc_column_text css=&#8221;.vc_custom_1528719046610{padding-bottom: 30px !important;}&#8221;]<\/p>\n<div class=\"wpb_text_column wpb_content_element vc_custom_1525256562068\">\n<div class=\"wpb_wrapper\">\n<h2 style=\"text-align: center;\"><span style=\"font-size: 18pt; color: #ffffff;\"><strong>Airport transfers<br \/>\n<\/strong>Berline &amp; Van<\/span><\/h2>\n<\/div>\n<\/div>\n<p>[\/vc_column_text][vc_btn title=&#8221;Read more&#8221; style=&#8221;outline-custom&#8221; outline_custom_color=&#8221;#ffffff&#8221; outline_custom_hover_background=&#8221;#ffffff&#8221; outline_custom_hover_text=&#8221;#000000&#8243; shape=&#8221;square&#8221; align=&#8221;center&#8221; link=&#8221;url:https%3A%2F%2Fvtc-prestige-premium.com%2Ftransfert-aeroport%2F|||&#8221;][\/vc_column][vc_column width=&#8221;1\/3&#8243; css=&#8221;.vc_custom_1525258350173{padding-top: 120px !important;background-image: url(https:\/\/vantablack.eu\/wp-content\/uploads\/2018\/04\/chauffeur-vtc-offre-entreprise.jpg?id=1476) !important;background-position: center !important;background-repeat: no-repeat !important;background-size: cover !important;}&#8221;][vc_column_text css=&#8221;.vc_custom_1528719078068{padding-bottom: 30px !important;}&#8221;]<\/p>\n<h2 style=\"text-align: center;\"><span style=\"font-size: 18pt; color: #ffffff;\"><strong>Company offers<br \/>\n<\/strong>Business<\/span><\/h2>\n<p>[\/vc_column_text][vc_btn title=&#8221;Read more&#8221; style=&#8221;outline-custom&#8221; outline_custom_color=&#8221;#ffffff&#8221; outline_custom_hover_background=&#8221;#ffffff&#8221; outline_custom_hover_text=&#8221;#000000&#8243; shape=&#8221;square&#8221; align=&#8221;center&#8221; link=&#8221;url:https%3A%2F%2Fvtc-prestige-premium.com%2Fen%2Fcontact-us|||&#8221;][\/vc_column][vc_column width=&#8221;1\/3&#8243; css=&#8221;.vc_custom_1534839413515{padding-top: 120px !important;background-image: url(https:\/\/vtc-prestige-premium.com\/wp-content\/uploads\/2018\/07\/jet-e1532612891600.jpg?id=2372) !important;background-position: center !important;background-repeat: no-repeat !important;background-size: cover !important;}&#8221;][vc_column_text css=&#8221;.vc_custom_1534839328233{padding-bottom: 30px !important;}&#8221;]<\/p>\n<h2 style=\"text-align: center;\"><span style=\"font-size: 18pt; color: #ffffff;\"><strong>Contact us<br \/>\n<\/strong><br \/>\n<\/span><\/h2>\n<p>[\/vc_column_text][vc_btn title=&#8221;Read more&#8221; style=&#8221;outline-custom&#8221; outline_custom_color=&#8221;#ffffff&#8221; outline_custom_hover_background=&#8221;#ffffff&#8221; outline_custom_hover_text=&#8221;#000000&#8243; shape=&#8221;square&#8221; align=&#8221;center&#8221; link=&#8221;url:https%3A%2F%2Fvtc-prestige-premium.com%2Fen%2Fcontact-us|||&#8221;][\/vc_column][\/vc_row][vc_row gap=&#8221;25&#8243; el_class=&#8221; container &#8220;][vc_column width=&#8221;1\/2&#8243; css=&#8221;.vc_custom_1525258484988{background-image: url(https:\/\/vantablack.eu\/wp-content\/uploads\/2018\/04\/chauffeur-vtc-nice-1.jpg?id=1437) !important;background-position: center !important;background-repeat: no-repeat !important;background-size: cover !important;}&#8221;][vc_column_text]<\/p>\n<h2 style=\"text-align: center;\"><span style=\"font-size: 18pt; color: #ffffff;\"><strong>TOURS<br \/>\n<\/strong>&amp; VISITES TOURISTIQUES<\/span><\/h2>\n<p>[\/vc_column_text][\/vc_column][vc_column width=&#8221;1\/2&#8243; css=&#8221;.vc_custom_1525258502160{background-image: url(https:\/\/vantablack.eu\/wp-content\/uploads\/2018\/04\/business-chauffeur-vtc.jpg?id=1486) !important;background-position: center !important;background-repeat: no-repeat !important;background-size: cover !important;}&#8221;][vc_column_text]<\/p>\n<h2 style=\"text-align: center;\"><span style=\"font-size: 18pt; color: #ffffff;\"><strong>\u00c9V\u00c9NEMENTS<br \/>\n<\/strong>&amp; FLOCAGE DE V\u00c9HICULES<\/span><\/h2>\n<p>[\/vc_column_text][\/vc_column][\/vc_row]<\/p>\n","protected":false},"excerpt":{"rendered":"<p>[vc_row css=&#8221;.vc_custom_1525075078876{background-image: url(https:\/\/vantablack.eu\/wp-content\/uploads\/2018\/04\/chauffeur-vtc-mercedes-E-1.jpg?id=1655) !important;background-position: center !important;background-repeat: no-repeat !important;background-size: cover !important;}&#8221; el_class=&#8221;homepage-slider bg-attached&#8221;][vc_column css=&#8221;.vc_custom_1523973182476{margin-top: 100px !important;}&#8221;][vc_custom_heading text=&#8221;Custom service&#8221; font_container=&#8221;tag:h1|font_size:50|text_align:center|color:%23ffffff&#8221; google_fonts=&#8221;font_family:Open%20Sans%3A300%2C300italic%2Cregular%2Citalic%2C600%2C600italic%2C700%2C700italic%2C800%2C800italic|font_style:800%20bold%20regular%3A800%3Anormal&#8221;][vc_custom_heading text=&#8221;of vehicle with driver&#8221; font_container=&#8221;tag:h2|font_size:50|text_align:center|color:%23ffffff&#8221; google_fonts=&#8221;font_family:Open%20Sans%3A300%2C300italic%2Cregular%2Citalic%2C600%2C600italic%2C700%2C700italic%2C800%2C800italic|font_style:600%20bold%20regular%3A600%3Anormal&#8221; css=&#8221;.vc_custom_1528718620406{margin-top: -15px !important;}&#8221;][vc_separator color=&#8221;custom&#8221; border_width=&#8221;2&#8243; el_width=&#8221;10&#8243; accent_color=&#8221;#896b2c&#8221;][vc_column_text css=&#8221;.vc_custom_1534836770812{margin-top: -20px !important;}&#8221;] Need a private driver to move freely on Toulouse? [\/vc_column_text][\/vc_column][\/vc_row][vc_row el_class=&#8221; container &#8220;][vc_column width=&#8221;2\/3&#8221;][vc_row_inner][vc_column_inner][vc_column_text] We offer a complete and customized [&hellip;]<\/p>\n","protected":false},"author":1,"featured_media":0,"parent":0,"menu_order":0,"comment_status":"closed","ping_status":"closed","template":"home-page.php","meta":{"_monsterinsights_skip_tracking":false,"_monsterinsights_sitenote_active":false,"_monsterinsights_sitenote_note":"","_monsterinsights_sitenote_category":0,"footnotes":""},"class_list":["post-2021","page","type-page","status-publish","hentry"],"yoast_head":"<!-- This site is optimized with the Yoast SEO plugin v27.5 - https:\/\/yoast.com\/product\/yoast-seo-wordpress\/ -->\n<title>Chauffeur Priv\u00e9 VTC - Lille<\/title>\n<meta name=\"description\" content=\"R\u00e9servez votre chauffeur priv\u00e9 sur Lille et b\u00e9n\u00e9ficiez d&#039;un tarif fixe avantageux. Disponible 7j\/7 - 24h\/24 pour r\u00e9pondre au mieux \u00e0 vos besoins. Attente et Annulation Gratuite.\" \/>\n<meta name=\"robots\" content=\"index, follow, max-snippet:-1, max-image-preview:large, max-video-preview:-1\" \/>\n<link rel=\"canonical\" href=\"https:\/\/vtc-prestige-premium.com\/en\/custom-service\/\" \/>\n<meta property=\"og:locale\" content=\"en_US\" \/>\n<meta property=\"og:type\" content=\"article\" \/>\n<meta property=\"og:title\" content=\"Chauffeur Priv\u00e9 VTC - Lille\" \/>\n<meta property=\"og:description\" content=\"R\u00e9servez votre chauffeur priv\u00e9 sur Lille et b\u00e9n\u00e9ficiez d&#039;un tarif fixe avantageux. Disponible 7j\/7 - 24h\/24 pour r\u00e9pondre au mieux \u00e0 vos besoins. Attente et Annulation Gratuite.\" \/>\n<meta property=\"og:url\" content=\"https:\/\/vtc-prestige-premium.com\/en\/custom-service\/\" \/>\n<meta property=\"og:site_name\" content=\"Service de Chauffeur Priv\u00e9\" \/>\n<meta property=\"article:publisher\" content=\"https:\/\/www.facebook.com\/ToulouseAirportCab\" \/>\n<meta property=\"article:modified_time\" content=\"2018-08-21T08:17:29+00:00\" \/>\n<meta property=\"og:image\" content=\"https:\/\/vtc-prestige-premium.com\/wp-content\/uploads\/2018\/11\/cerca-autista-privato-1.jpg\" \/>\n\t<meta property=\"og:image:width\" content=\"1080\" \/>\n\t<meta property=\"og:image:height\" content=\"700\" \/>\n\t<meta property=\"og:image:type\" content=\"image\/jpeg\" \/>\n<meta name=\"twitter:label1\" content=\"Est. reading time\" \/>\n\t<meta name=\"twitter:data1\" content=\"7 minutes\" \/>\n<script type=\"application\/ld+json\" class=\"yoast-schema-graph\">{\"@context\":\"https:\\\/\\\/schema.org\",\"@graph\":[{\"@type\":\"WebPage\",\"@id\":\"https:\\\/\\\/vtc-prestige-premium.com\\\/en\\\/custom-service\\\/\",\"url\":\"https:\\\/\\\/vtc-prestige-premium.com\\\/en\\\/custom-service\\\/\",\"name\":\"Chauffeur Priv\u00e9 VTC - Lille\",\"isPartOf\":{\"@id\":\"https:\\\/\\\/vtc-prestige-premium.com\\\/#website\"},\"datePublished\":\"2018-06-10T18:00:13+00:00\",\"dateModified\":\"2018-08-21T08:17:29+00:00\",\"description\":\"R\u00e9servez votre chauffeur priv\u00e9 sur Lille et b\u00e9n\u00e9ficiez d'un tarif fixe avantageux. Disponible 7j\\\/7 - 24h\\\/24 pour r\u00e9pondre au mieux \u00e0 vos besoins. Attente et Annulation Gratuite.\",\"breadcrumb\":{\"@id\":\"https:\\\/\\\/vtc-prestige-premium.com\\\/en\\\/custom-service\\\/#breadcrumb\"},\"inLanguage\":\"en-US\",\"potentialAction\":[{\"@type\":\"ReadAction\",\"target\":[\"https:\\\/\\\/vtc-prestige-premium.com\\\/en\\\/custom-service\\\/\"]}]},{\"@type\":\"BreadcrumbList\",\"@id\":\"https:\\\/\\\/vtc-prestige-premium.com\\\/en\\\/custom-service\\\/#breadcrumb\",\"itemListElement\":[{\"@type\":\"ListItem\",\"position\":1,\"name\":\"Home\",\"item\":\"https:\\\/\\\/vtc-prestige-premium.com\\\/en\\\/\"},{\"@type\":\"ListItem\",\"position\":2,\"name\":\"Custom service\"}]},{\"@type\":\"WebSite\",\"@id\":\"https:\\\/\\\/vtc-prestige-premium.com\\\/#website\",\"url\":\"https:\\\/\\\/vtc-prestige-premium.com\\\/\",\"name\":\"Service de Chauffeur Priv\u00e9\",\"description\":\" VTC Lille\",\"publisher\":{\"@id\":\"https:\\\/\\\/vtc-prestige-premium.com\\\/#organization\"},\"potentialAction\":[{\"@type\":\"SearchAction\",\"target\":{\"@type\":\"EntryPoint\",\"urlTemplate\":\"https:\\\/\\\/vtc-prestige-premium.com\\\/?s={search_term_string}\"},\"query-input\":{\"@type\":\"PropertyValueSpecification\",\"valueRequired\":true,\"valueName\":\"search_term_string\"}}],\"inLanguage\":\"en-US\"},{\"@type\":\"Organization\",\"@id\":\"https:\\\/\\\/vtc-prestige-premium.com\\\/#organization\",\"name\":\"VTC PRESTIGE PREMIUM\",\"url\":\"https:\\\/\\\/vtc-prestige-premium.com\\\/\",\"logo\":{\"@type\":\"ImageObject\",\"inLanguage\":\"en-US\",\"@id\":\"https:\\\/\\\/vtc-prestige-premium.com\\\/#\\\/schema\\\/logo\\\/image\\\/\",\"url\":\"https:\\\/\\\/vtc-prestige-premium.com\\\/wp-content\\\/uploads\\\/2020\\\/10\\\/Business-woman-in-car-with-private-driver.jpg\",\"contentUrl\":\"https:\\\/\\\/vtc-prestige-premium.com\\\/wp-content\\\/uploads\\\/2020\\\/10\\\/Business-woman-in-car-with-private-driver.jpg\",\"width\":1000,\"height\":667,\"caption\":\"VTC PRESTIGE PREMIUM\"},\"image\":{\"@id\":\"https:\\\/\\\/vtc-prestige-premium.com\\\/#\\\/schema\\\/logo\\\/image\\\/\"},\"sameAs\":[\"https:\\\/\\\/www.facebook.com\\\/ToulouseAirportCab\",\"https:\\\/\\\/linkedin.com\\\/company\\\/vtc-prestige-premium\"]}]}<\/script>\n<!-- \/ Yoast SEO plugin. -->","yoast_head_json":{"title":"Chauffeur Priv\u00e9 VTC - Lille","description":"R\u00e9servez votre chauffeur priv\u00e9 sur Lille et b\u00e9n\u00e9ficiez d'un tarif fixe avantageux. Disponible 7j\/7 - 24h\/24 pour r\u00e9pondre au mieux \u00e0 vos besoins. Attente et Annulation Gratuite.","robots":{"index":"index","follow":"follow","max-snippet":"max-snippet:-1","max-image-preview":"max-image-preview:large","max-video-preview":"max-video-preview:-1"},"canonical":"https:\/\/vtc-prestige-premium.com\/en\/custom-service\/","og_locale":"en_US","og_type":"article","og_title":"Chauffeur Priv\u00e9 VTC - Lille","og_description":"R\u00e9servez votre chauffeur priv\u00e9 sur Lille et b\u00e9n\u00e9ficiez d'un tarif fixe avantageux. Disponible 7j\/7 - 24h\/24 pour r\u00e9pondre au mieux \u00e0 vos besoins. Attente et Annulation Gratuite.","og_url":"https:\/\/vtc-prestige-premium.com\/en\/custom-service\/","og_site_name":"Service de Chauffeur Priv\u00e9","article_publisher":"https:\/\/www.facebook.com\/ToulouseAirportCab","article_modified_time":"2018-08-21T08:17:29+00:00","og_image":[{"width":1080,"height":700,"url":"https:\/\/vtc-prestige-premium.com\/wp-content\/uploads\/2018\/11\/cerca-autista-privato-1.jpg","type":"image\/jpeg"}],"twitter_misc":{"Est. reading time":"7 minutes"},"schema":{"@context":"https:\/\/schema.org","@graph":[{"@type":"WebPage","@id":"https:\/\/vtc-prestige-premium.com\/en\/custom-service\/","url":"https:\/\/vtc-prestige-premium.com\/en\/custom-service\/","name":"Chauffeur Priv\u00e9 VTC - Lille","isPartOf":{"@id":"https:\/\/vtc-prestige-premium.com\/#website"},"datePublished":"2018-06-10T18:00:13+00:00","dateModified":"2018-08-21T08:17:29+00:00","description":"R\u00e9servez votre chauffeur priv\u00e9 sur Lille et b\u00e9n\u00e9ficiez d'un tarif fixe avantageux. Disponible 7j\/7 - 24h\/24 pour r\u00e9pondre au mieux \u00e0 vos besoins. Attente et Annulation Gratuite.","breadcrumb":{"@id":"https:\/\/vtc-prestige-premium.com\/en\/custom-service\/#breadcrumb"},"inLanguage":"en-US","potentialAction":[{"@type":"ReadAction","target":["https:\/\/vtc-prestige-premium.com\/en\/custom-service\/"]}]},{"@type":"BreadcrumbList","@id":"https:\/\/vtc-prestige-premium.com\/en\/custom-service\/#breadcrumb","itemListElement":[{"@type":"ListItem","position":1,"name":"Home","item":"https:\/\/vtc-prestige-premium.com\/en\/"},{"@type":"ListItem","position":2,"name":"Custom service"}]},{"@type":"WebSite","@id":"https:\/\/vtc-prestige-premium.com\/#website","url":"https:\/\/vtc-prestige-premium.com\/","name":"Service de Chauffeur Priv\u00e9","description":" VTC Lille","publisher":{"@id":"https:\/\/vtc-prestige-premium.com\/#organization"},"potentialAction":[{"@type":"SearchAction","target":{"@type":"EntryPoint","urlTemplate":"https:\/\/vtc-prestige-premium.com\/?s={search_term_string}"},"query-input":{"@type":"PropertyValueSpecification","valueRequired":true,"valueName":"search_term_string"}}],"inLanguage":"en-US"},{"@type":"Organization","@id":"https:\/\/vtc-prestige-premium.com\/#organization","name":"VTC PRESTIGE PREMIUM","url":"https:\/\/vtc-prestige-premium.com\/","logo":{"@type":"ImageObject","inLanguage":"en-US","@id":"https:\/\/vtc-prestige-premium.com\/#\/schema\/logo\/image\/","url":"https:\/\/vtc-prestige-premium.com\/wp-content\/uploads\/2020\/10\/Business-woman-in-car-with-private-driver.jpg","contentUrl":"https:\/\/vtc-prestige-premium.com\/wp-content\/uploads\/2020\/10\/Business-woman-in-car-with-private-driver.jpg","width":1000,"height":667,"caption":"VTC PRESTIGE PREMIUM"},"image":{"@id":"https:\/\/vtc-prestige-premium.com\/#\/schema\/logo\/image\/"},"sameAs":["https:\/\/www.facebook.com\/ToulouseAirportCab","https:\/\/linkedin.com\/company\/vtc-prestige-premium"]}]}},"_hostinger_reach_plugin_has_subscription_block":false,"_hostinger_reach_plugin_is_elementor":false,"_links":{"self":[{"href":"https:\/\/vtc-prestige-premium.com\/en\/wp-json\/wp\/v2\/pages\/2021","targetHints":{"allow":["GET"]}}],"collection":[{"href":"https:\/\/vtc-prestige-premium.com\/en\/wp-json\/wp\/v2\/pages"}],"about":[{"href":"https:\/\/vtc-prestige-premium.com\/en\/wp-json\/wp\/v2\/types\/page"}],"author":[{"embeddable":true,"href":"https:\/\/vtc-prestige-premium.com\/en\/wp-json\/wp\/v2\/users\/1"}],"replies":[{"embeddable":true,"href":"https:\/\/vtc-prestige-premium.com\/en\/wp-json\/wp\/v2\/comments?post=2021"}],"version-history":[{"count":8,"href":"https:\/\/vtc-prestige-premium.com\/en\/wp-json\/wp\/v2\/pages\/2021\/revisions"}],"predecessor-version":[{"id":2499,"href":"https:\/\/vtc-prestige-premium.com\/en\/wp-json\/wp\/v2\/pages\/2021\/revisions\/2499"}],"wp:attachment":[{"href":"https:\/\/vtc-prestige-premium.com\/en\/wp-json\/wp\/v2\/media?parent=2021"}],"curies":[{"name":"wp","href":"https:\/\/api.w.org\/{rel}","templated":true}]}}