{"id":2033,"date":"2018-06-10T17:59:05","date_gmt":"2018-06-10T17:59:05","guid":{"rendered":"https:\/\/vtc-prestige-premium.com\/?page_id=2033"},"modified":"2018-06-10T17:59:05","modified_gmt":"2018-06-10T17:59:05","slug":"presentation","status":"publish","type":"page","link":"https:\/\/vtc-prestige-premium.com\/en\/presentation\/","title":{"rendered":"Presentation"},"content":{"rendered":"<p>[vc_row][vc_column width=&#8221;1\/4&#8243;][\/vc_column][vc_column width=&#8221;1\/2&#8243;][vc_column_text]<\/p>\n<p style=\"text-align: center;\"><span style=\"font-size: 14pt; color: #000000;\"><strong>High-end services with attractive prices, fixed when you booked the transfer to avoid unpleasant surprises.<br \/>\nAre included: &#8220;cost of approaches&#8221;, waiting time in the airport and transfert without supplement for the luggages<\/strong><\/span><\/p>\n<p>[\/vc_column_text][\/vc_column][vc_column width=&#8221;1\/4&#8243;][\/vc_column][\/vc_row][vc_row css=&#8221;.vc_custom_1523790511582{margin-top: 30px !important;}&#8221;][vc_column width=&#8221;1\/4&#8243;][vc_column_text css=&#8221;.vc_custom_1523883881888{margin-top: 40px !important;}&#8221;]<\/p>\n<h2 style=\"text-align: center;\"><span style=\"font-size: 14pt; color: #000000;\"><strong>ADVANTAGES<\/strong><\/span><\/h2>\n<p style=\"text-align: center;\"><span style=\"color: #000000;\"><strong>When you booked your transfert with a private driver, there is no risk to be late, you know the prices is advance and you enjoy a quality service.<\/strong><\/span><\/p>\n<p>[\/vc_column_text][\/vc_column][vc_column width=&#8221;1\/2&#8243;][vc_single_image image=&#8221;1098&#8243; img_size=&#8221;full&#8221; alignment=&#8221;center&#8221; style=&#8221;vc_box_border&#8221; border_color=&#8221;white&#8221;][\/vc_column][vc_column width=&#8221;1\/4&#8243;][vc_column_text css=&#8221;.vc_custom_1523883752017{margin-top: 40px !important;}&#8221;]<\/p>\n<h2 style=\"text-align: center;\"><span style=\"color: #000000;\"><strong><span style=\"font-size: 14pt;\">PROFESSIONAL<\/span><br \/>\n<\/strong><\/span><\/h2>\n<p style=\"text-align: center;\"><span style=\"color: #000000;\"><b>Business, company, travel agency, or private our society is adapted for all type of customers. We organized all the transferts with efficiency and professionalism.<\/b><\/span><\/p>\n<p>[\/vc_column_text][\/vc_column][\/vc_row][vc_row][vc_column width=&#8221;1\/3&#8243;][vc_single_image image=&#8221;1099&#8243; img_size=&#8221;full&#8221; alignment=&#8221;center&#8221; style=&#8221;vc_box_outline&#8221; border_color=&#8221;white&#8221;][\/vc_column][vc_column width=&#8221;1\/3&#8243;][vc_column_text css=&#8221;.vc_custom_1523905932882{margin-top: 40px !important;}&#8221;]<\/p>\n<h2 style=\"text-align: center;\"><span style=\"font-size: 14pt; color: #000000;\"><strong>COURTESY, DISCRETION AND FRIENDLINESS<\/strong><\/span><\/h2>\n<p style=\"text-align: center;\"><span style=\"color: #000000;\"><strong>Our drivers are courteous and it\u2019s important for us to make a pleasant moment for you. We know and respect your habits always with the smile.<\/strong><\/span><\/p>\n<p>[\/vc_column_text][\/vc_column][vc_column width=&#8221;1\/3&#8243;][vc_single_image image=&#8221;1096&#8243; img_size=&#8221;full&#8221; alignment=&#8221;right&#8221; style=&#8221;vc_box_outline&#8221; border_color=&#8221;white&#8221;][\/vc_column][\/vc_row][vc_row][vc_column width=&#8221;1\/3&#8243;][vc_column_text]<\/p>\n<h2 style=\"text-align: center;\"><span style=\"font-size: 14pt; color: #000000;\"><strong>SECURITY<\/strong><\/span><\/h2>\n<p style=\"text-align: center;\"><span style=\"color: #000000;\"><strong>Your security is our priority. Our drivers knows perfectly \u00a0the roads and our cars are maintained to guarantee the security.<\/strong><\/span><\/p>\n<p>[\/vc_column_text][\/vc_column][vc_column width=&#8221;1\/3&#8243;][vc_column_text]<\/p>\n<h2 style=\"text-align: center;\"><span style=\"font-size: 14pt; color: #000000;\"><strong>PRIVATE DRIVER : FIXED PRICES<br \/>\n<\/strong><\/span><\/h2>\n<p style=\"text-align: center;\"><span style=\"color: #000000;\"><strong>The private driver price is knowing and fixed in advance, no surprise.<br \/>\nFurthermor, there is no counter<\/strong><\/span><span style=\"color: #000000;\"><strong> !<\/strong><\/span><\/p>\n<p>[\/vc_column_text][\/vc_column][vc_column width=&#8221;1\/3&#8243;][vc_column_text]<\/p>\n<h2 style=\"text-align: center;\"><span style=\"font-size: 14pt; color: #000000;\"><strong>PERSONNALIZED WELCOME<\/strong><\/span><\/h2>\n<p style=\"text-align: center;\"><span style=\"color: #000000;\"><strong>Sign with your name on and welcome to the customs exit.<br \/>\n<\/strong><\/span><\/p>\n<p style=\"text-align: center;\"><span style=\"color: #000000;\"><strong>.<\/strong><\/span><\/p>\n<p>[\/vc_column_text][\/vc_column][\/vc_row][vc_row][vc_column][vc_single_image image=&#8221;1093&#8243; img_size=&#8221;full&#8221; alignment=&#8221;center&#8221; style=&#8221;vc_box_outline&#8221; border_color=&#8221;white&#8221;][\/vc_column][\/vc_row][vc_row css=&#8221;.vc_custom_1523790050976{margin-top: 50px !important;}&#8221;][vc_column width=&#8221;1\/2&#8243;][vc_single_image image=&#8221;1045&#8243; img_size=&#8221;full&#8221; alignment=&#8221;center&#8221;][vc_column_text]<\/p>\n<p style=\"text-align: center;\"><span style=\"color: #000000;\">E Mercedes<\/span><\/p>\n<p>[\/vc_column_text][vc_single_image image=&#8221;1032&#8243; img_size=&#8221;medium&#8221; alignment=&#8221;center&#8221; css=&#8221;.vc_custom_1523788794798{margin-top: -30px !important;}&#8221;][\/vc_column][vc_column width=&#8221;1\/2&#8243;][vc_single_image image=&#8221;1046&#8243; img_size=&#8221;full&#8221; alignment=&#8221;center&#8221;][vc_column_text]<\/p>\n<p style=\"text-align: center;\"><span style=\"color: #000000;\">Van Mercedes<\/span><\/p>\n<p>[\/vc_column_text][vc_single_image image=&#8221;1041&#8243; img_size=&#8221;medium&#8221; alignment=&#8221;center&#8221; css=&#8221;.vc_custom_1523789594438{margin-top: -30px !important;}&#8221;][\/vc_column][\/vc_row][vc_row css=&#8221;.vc_custom_1523790042010{margin-top: 30px !important;}&#8221;][vc_column width=&#8221;1\/3&#8243;][vc_single_image image=&#8221;961&#8243; alignment=&#8221;center&#8221;][vc_column_text css=&#8221;.vc_custom_1523906538348{margin-top: -15px !important;}&#8221;]<\/p>\n<h2 style=\"text-align: center;\"><span style=\"font-size: 14pt; color: #000000;\"><strong>TRANSFERS<\/strong><\/span><\/h2>\n<p style=\"text-align: center;\"><span style=\"color: #000000;\"><strong><span class=\"color_11\">From or to the airports, trainstation, home or hotels<br \/>\n<\/span><\/strong><\/span><\/p>\n<p>[\/vc_column_text][\/vc_column][vc_column width=&#8221;1\/3&#8243;][vc_single_image image=&#8221;968&#8243; alignment=&#8221;center&#8221;][vc_column_text css=&#8221;.vc_custom_1523907144562{margin-top: -15px !important;}&#8221;]<\/p>\n<h2 style=\"text-align: center;\"><span style=\"font-size: 14pt; color: #000000;\"><strong>CONCIERGE<\/strong><\/span><\/h2>\n<p style=\"text-align: center;\"><span style=\"color: #000000;\"><strong><span class=\"color_11\">Concierge services are also possible , trainstation, home or hotels. the driver fill in all your requests<br \/>\n<\/span><\/strong><\/span><\/p>\n<p>[\/vc_column_text][\/vc_column][vc_column width=&#8221;1\/3&#8243;][vc_single_image image=&#8221;963&#8243; alignment=&#8221;center&#8221;][vc_column_text css=&#8221;.vc_custom_1523906701498{margin-top: -15px !important;}&#8221;]<\/p>\n<h2 style=\"text-align: center;\"><span style=\"font-size: 14pt; color: #000000;\"><strong>MISE A DISPOSITION<\/strong><\/span><\/h2>\n<p style=\"text-align: center;\"><span style=\"color: #000000;\"><strong><span class=\"color_11\">You can booked a driver and car for one hour or more according tu your need<br \/>\n<\/span><\/strong><\/span><\/p>\n<p>[\/vc_column_text][\/vc_column][\/vc_row][vc_row][vc_column][vc_column_text]<\/p>\n<p>[\/vc_column_text][\/vc_column][\/vc_row]<\/p>\n","protected":false},"excerpt":{"rendered":"<p>[vc_row][vc_column width=&#8221;1\/4&#8243;][\/vc_column][vc_column width=&#8221;1\/2&#8243;][vc_column_text] High-end services with attractive prices, fixed when you booked the transfer to avoid unpleasant surprises. Are included: &#8220;cost of approaches&#8221;, waiting time in the airport and transfert without supplement for the luggages [\/vc_column_text][\/vc_column][vc_column width=&#8221;1\/4&#8243;][\/vc_column][\/vc_row][vc_row css=&#8221;.vc_custom_1523790511582{margin-top: 30px !important;}&#8221;][vc_column width=&#8221;1\/4&#8243;][vc_column_text css=&#8221;.vc_custom_1523883881888{margin-top: 40px !important;}&#8221;] ADVANTAGES When you booked your transfert with a private driver, there [&hellip;]<\/p>\n","protected":false},"author":1,"featured_media":0,"parent":0,"menu_order":0,"comment_status":"closed","ping_status":"closed","template":"","meta":{"_monsterinsights_skip_tracking":false,"_monsterinsights_sitenote_active":false,"_monsterinsights_sitenote_note":"","_monsterinsights_sitenote_category":0,"footnotes":""},"class_list":["post-2033","page","type-page","status-publish","hentry"],"yoast_head":"<!-- This site is optimized with the Yoast SEO plugin v27.5 - https:\/\/yoast.com\/product\/yoast-seo-wordpress\/ -->\n<title>Chauffeur Priv\u00e9 VTC - Lille<\/title>\n<meta name=\"description\" content=\"R\u00e9servez votre chauffeur priv\u00e9 sur Lille et b\u00e9n\u00e9ficiez d&#039;un tarif fixe avantageux. Disponible 7j\/7 - 24h\/24 pour r\u00e9pondre au mieux \u00e0 vos besoins. Attente et Annulation Gratuite.\" \/>\n<meta name=\"robots\" content=\"index, follow, max-snippet:-1, max-image-preview:large, max-video-preview:-1\" \/>\n<link rel=\"canonical\" href=\"https:\/\/vtc-prestige-premium.com\/en\/presentation\/\" \/>\n<meta property=\"og:locale\" content=\"en_US\" \/>\n<meta property=\"og:type\" content=\"article\" \/>\n<meta property=\"og:title\" content=\"Chauffeur Priv\u00e9 VTC - Lille\" \/>\n<meta property=\"og:description\" content=\"R\u00e9servez votre chauffeur priv\u00e9 sur Lille et b\u00e9n\u00e9ficiez d&#039;un tarif fixe avantageux. Disponible 7j\/7 - 24h\/24 pour r\u00e9pondre au mieux \u00e0 vos besoins. Attente et Annulation Gratuite.\" \/>\n<meta property=\"og:url\" content=\"https:\/\/vtc-prestige-premium.com\/en\/presentation\/\" \/>\n<meta property=\"og:site_name\" content=\"Service de Chauffeur Priv\u00e9\" \/>\n<meta property=\"article:publisher\" content=\"https:\/\/www.facebook.com\/ToulouseAirportCab\" \/>\n<meta property=\"og:image\" content=\"https:\/\/vtc-prestige-premium.com\/wp-content\/uploads\/2018\/11\/cerca-autista-privato-1.jpg\" \/>\n\t<meta property=\"og:image:width\" content=\"1080\" \/>\n\t<meta property=\"og:image:height\" content=\"700\" \/>\n\t<meta property=\"og:image:type\" content=\"image\/jpeg\" \/>\n<meta name=\"twitter:label1\" content=\"Est. reading time\" \/>\n\t<meta name=\"twitter:data1\" content=\"3 minutes\" \/>\n<script type=\"application\/ld+json\" class=\"yoast-schema-graph\">{\"@context\":\"https:\\\/\\\/schema.org\",\"@graph\":[{\"@type\":\"WebPage\",\"@id\":\"https:\\\/\\\/vtc-prestige-premium.com\\\/en\\\/presentation\\\/\",\"url\":\"https:\\\/\\\/vtc-prestige-premium.com\\\/en\\\/presentation\\\/\",\"name\":\"Chauffeur Priv\u00e9 VTC - Lille\",\"isPartOf\":{\"@id\":\"https:\\\/\\\/vtc-prestige-premium.com\\\/#website\"},\"datePublished\":\"2018-06-10T17:59:05+00:00\",\"description\":\"R\u00e9servez votre chauffeur priv\u00e9 sur Lille et b\u00e9n\u00e9ficiez d'un tarif fixe avantageux. Disponible 7j\\\/7 - 24h\\\/24 pour r\u00e9pondre au mieux \u00e0 vos besoins. Attente et Annulation Gratuite.\",\"breadcrumb\":{\"@id\":\"https:\\\/\\\/vtc-prestige-premium.com\\\/en\\\/presentation\\\/#breadcrumb\"},\"inLanguage\":\"en-US\",\"potentialAction\":[{\"@type\":\"ReadAction\",\"target\":[\"https:\\\/\\\/vtc-prestige-premium.com\\\/en\\\/presentation\\\/\"]}]},{\"@type\":\"BreadcrumbList\",\"@id\":\"https:\\\/\\\/vtc-prestige-premium.com\\\/en\\\/presentation\\\/#breadcrumb\",\"itemListElement\":[{\"@type\":\"ListItem\",\"position\":1,\"name\":\"Home\",\"item\":\"https:\\\/\\\/vtc-prestige-premium.com\\\/en\\\/\"},{\"@type\":\"ListItem\",\"position\":2,\"name\":\"Presentation\"}]},{\"@type\":\"WebSite\",\"@id\":\"https:\\\/\\\/vtc-prestige-premium.com\\\/#website\",\"url\":\"https:\\\/\\\/vtc-prestige-premium.com\\\/\",\"name\":\"Service de Chauffeur Priv\u00e9\",\"description\":\" VTC Lille\",\"publisher\":{\"@id\":\"https:\\\/\\\/vtc-prestige-premium.com\\\/#organization\"},\"potentialAction\":[{\"@type\":\"SearchAction\",\"target\":{\"@type\":\"EntryPoint\",\"urlTemplate\":\"https:\\\/\\\/vtc-prestige-premium.com\\\/?s={search_term_string}\"},\"query-input\":{\"@type\":\"PropertyValueSpecification\",\"valueRequired\":true,\"valueName\":\"search_term_string\"}}],\"inLanguage\":\"en-US\"},{\"@type\":\"Organization\",\"@id\":\"https:\\\/\\\/vtc-prestige-premium.com\\\/#organization\",\"name\":\"VTC PRESTIGE PREMIUM\",\"url\":\"https:\\\/\\\/vtc-prestige-premium.com\\\/\",\"logo\":{\"@type\":\"ImageObject\",\"inLanguage\":\"en-US\",\"@id\":\"https:\\\/\\\/vtc-prestige-premium.com\\\/#\\\/schema\\\/logo\\\/image\\\/\",\"url\":\"https:\\\/\\\/vtc-prestige-premium.com\\\/wp-content\\\/uploads\\\/2020\\\/10\\\/Business-woman-in-car-with-private-driver.jpg\",\"contentUrl\":\"https:\\\/\\\/vtc-prestige-premium.com\\\/wp-content\\\/uploads\\\/2020\\\/10\\\/Business-woman-in-car-with-private-driver.jpg\",\"width\":1000,\"height\":667,\"caption\":\"VTC PRESTIGE PREMIUM\"},\"image\":{\"@id\":\"https:\\\/\\\/vtc-prestige-premium.com\\\/#\\\/schema\\\/logo\\\/image\\\/\"},\"sameAs\":[\"https:\\\/\\\/www.facebook.com\\\/ToulouseAirportCab\",\"https:\\\/\\\/linkedin.com\\\/company\\\/vtc-prestige-premium\"]}]}<\/script>\n<!-- \/ Yoast SEO plugin. -->","yoast_head_json":{"title":"Chauffeur Priv\u00e9 VTC - Lille","description":"R\u00e9servez votre chauffeur priv\u00e9 sur Lille et b\u00e9n\u00e9ficiez d'un tarif fixe avantageux. Disponible 7j\/7 - 24h\/24 pour r\u00e9pondre au mieux \u00e0 vos besoins. Attente et Annulation Gratuite.","robots":{"index":"index","follow":"follow","max-snippet":"max-snippet:-1","max-image-preview":"max-image-preview:large","max-video-preview":"max-video-preview:-1"},"canonical":"https:\/\/vtc-prestige-premium.com\/en\/presentation\/","og_locale":"en_US","og_type":"article","og_title":"Chauffeur Priv\u00e9 VTC - Lille","og_description":"R\u00e9servez votre chauffeur priv\u00e9 sur Lille et b\u00e9n\u00e9ficiez d'un tarif fixe avantageux. Disponible 7j\/7 - 24h\/24 pour r\u00e9pondre au mieux \u00e0 vos besoins. Attente et Annulation Gratuite.","og_url":"https:\/\/vtc-prestige-premium.com\/en\/presentation\/","og_site_name":"Service de Chauffeur Priv\u00e9","article_publisher":"https:\/\/www.facebook.com\/ToulouseAirportCab","og_image":[{"width":1080,"height":700,"url":"https:\/\/vtc-prestige-premium.com\/wp-content\/uploads\/2018\/11\/cerca-autista-privato-1.jpg","type":"image\/jpeg"}],"twitter_misc":{"Est. reading time":"3 minutes"},"schema":{"@context":"https:\/\/schema.org","@graph":[{"@type":"WebPage","@id":"https:\/\/vtc-prestige-premium.com\/en\/presentation\/","url":"https:\/\/vtc-prestige-premium.com\/en\/presentation\/","name":"Chauffeur Priv\u00e9 VTC - Lille","isPartOf":{"@id":"https:\/\/vtc-prestige-premium.com\/#website"},"datePublished":"2018-06-10T17:59:05+00:00","description":"R\u00e9servez votre chauffeur priv\u00e9 sur Lille et b\u00e9n\u00e9ficiez d'un tarif fixe avantageux. Disponible 7j\/7 - 24h\/24 pour r\u00e9pondre au mieux \u00e0 vos besoins. Attente et Annulation Gratuite.","breadcrumb":{"@id":"https:\/\/vtc-prestige-premium.com\/en\/presentation\/#breadcrumb"},"inLanguage":"en-US","potentialAction":[{"@type":"ReadAction","target":["https:\/\/vtc-prestige-premium.com\/en\/presentation\/"]}]},{"@type":"BreadcrumbList","@id":"https:\/\/vtc-prestige-premium.com\/en\/presentation\/#breadcrumb","itemListElement":[{"@type":"ListItem","position":1,"name":"Home","item":"https:\/\/vtc-prestige-premium.com\/en\/"},{"@type":"ListItem","position":2,"name":"Presentation"}]},{"@type":"WebSite","@id":"https:\/\/vtc-prestige-premium.com\/#website","url":"https:\/\/vtc-prestige-premium.com\/","name":"Service de Chauffeur Priv\u00e9","description":" VTC Lille","publisher":{"@id":"https:\/\/vtc-prestige-premium.com\/#organization"},"potentialAction":[{"@type":"SearchAction","target":{"@type":"EntryPoint","urlTemplate":"https:\/\/vtc-prestige-premium.com\/?s={search_term_string}"},"query-input":{"@type":"PropertyValueSpecification","valueRequired":true,"valueName":"search_term_string"}}],"inLanguage":"en-US"},{"@type":"Organization","@id":"https:\/\/vtc-prestige-premium.com\/#organization","name":"VTC PRESTIGE PREMIUM","url":"https:\/\/vtc-prestige-premium.com\/","logo":{"@type":"ImageObject","inLanguage":"en-US","@id":"https:\/\/vtc-prestige-premium.com\/#\/schema\/logo\/image\/","url":"https:\/\/vtc-prestige-premium.com\/wp-content\/uploads\/2020\/10\/Business-woman-in-car-with-private-driver.jpg","contentUrl":"https:\/\/vtc-prestige-premium.com\/wp-content\/uploads\/2020\/10\/Business-woman-in-car-with-private-driver.jpg","width":1000,"height":667,"caption":"VTC PRESTIGE PREMIUM"},"image":{"@id":"https:\/\/vtc-prestige-premium.com\/#\/schema\/logo\/image\/"},"sameAs":["https:\/\/www.facebook.com\/ToulouseAirportCab","https:\/\/linkedin.com\/company\/vtc-prestige-premium"]}]}},"_hostinger_reach_plugin_has_subscription_block":false,"_hostinger_reach_plugin_is_elementor":false,"_links":{"self":[{"href":"https:\/\/vtc-prestige-premium.com\/en\/wp-json\/wp\/v2\/pages\/2033","targetHints":{"allow":["GET"]}}],"collection":[{"href":"https:\/\/vtc-prestige-premium.com\/en\/wp-json\/wp\/v2\/pages"}],"about":[{"href":"https:\/\/vtc-prestige-premium.com\/en\/wp-json\/wp\/v2\/types\/page"}],"author":[{"embeddable":true,"href":"https:\/\/vtc-prestige-premium.com\/en\/wp-json\/wp\/v2\/users\/1"}],"replies":[{"embeddable":true,"href":"https:\/\/vtc-prestige-premium.com\/en\/wp-json\/wp\/v2\/comments?post=2033"}],"version-history":[{"count":1,"href":"https:\/\/vtc-prestige-premium.com\/en\/wp-json\/wp\/v2\/pages\/2033\/revisions"}],"predecessor-version":[{"id":2042,"href":"https:\/\/vtc-prestige-premium.com\/en\/wp-json\/wp\/v2\/pages\/2033\/revisions\/2042"}],"wp:attachment":[{"href":"https:\/\/vtc-prestige-premium.com\/en\/wp-json\/wp\/v2\/media?parent=2033"}],"curies":[{"name":"wp","href":"https:\/\/api.w.org\/{rel}","templated":true}]}}