{"id":2035,"date":"2018-06-10T18:01:42","date_gmt":"2018-06-10T18:01:42","guid":{"rendered":"https:\/\/vtc-prestige-premium.com\/?page_id=2035"},"modified":"2018-08-21T10:05:02","modified_gmt":"2018-08-21T08:05:02","slug":"business-solution","status":"publish","type":"page","link":"https:\/\/vtc-prestige-premium.com\/en\/business-solution\/","title":{"rendered":"Business Solution"},"content":{"rendered":"<p>[vc_row css=&#8221;.vc_custom_1528289714625{background-image: url(https:\/\/vantablack.eu\/wp-content\/uploads\/2018\/04\/vtc-offre-entreprise.jpg?id=1658) !important;background-position: center !important;background-repeat: no-repeat !important;background-size: cover !important;}&#8221; el_class=&#8221;homepage-slider bg-attached&#8221;][vc_column css=&#8221;.vc_custom_1523973182476{margin-top: 100px !important;}&#8221;][vc_custom_heading text=&#8221;business solution&#8221; font_container=&#8221;tag:h1|font_size:50|text_align:center|color:%23ffffff&#8221; google_fonts=&#8221;font_family:Open%20Sans%3A300%2C300italic%2Cregular%2Citalic%2C600%2C600italic%2C700%2C700italic%2C800%2C800italic|font_style:800%20bold%20regular%3A800%3Anormal&#8221;][vc_separator color=&#8221;custom&#8221; border_width=&#8221;2&#8243; el_width=&#8221;10&#8243; accent_color=&#8221;#896b2c&#8221;][vc_column_text css=&#8221;.vc_custom_1534755334842{margin-top: -20px !important;}&#8221;]<\/p>\n<p class=\"subtitle-lvl1\" style=\"text-align: center;\"><span style=\"color: #ffffff;\"><span style=\"font-family: 'trebuchet ms', geneva, sans-serif;\"><strong><span style=\"font-size: 18pt;\">B<\/span><\/strong><\/span><span style=\"font-family: 'trebuchet ms', geneva, sans-serif;\"><strong><span style=\"font-size: 18pt;\">esoin d&#8217;un chauffeur priv\u00e9 pour vos d\u00e9placements <\/span><\/strong><\/span><span style=\"font-family: 'trebuchet ms', geneva, sans-serif;\"><strong><span style=\"font-size: 18pt;\">professionnel sur Toulouse?<\/span><\/strong><\/span><\/span><\/p>\n<p class=\"p-intro\" style=\"text-align: center;\"><span style=\"color: #ffffff;\"><span style=\"font-size: 14pt; font-family: 'trebuchet ms', geneva, sans-serif;\">C&#8217;est pos<\/span><span style=\"font-size: 14pt; font-family: 'trebuchet ms', geneva, sans-serif;\">sible avec VTC PRESTIGE PREMIUM qui vous propose un <\/span><span style=\"font-size: 14pt; font-family: 'trebuchet ms', geneva, sans-serif;\">service sur-mesure de location de voiture avec chauffeur\u00a0<\/span><\/span><\/p>\n<p>[\/vc_column_text][\/vc_column][\/vc_row][vc_row el_class=&#8221; container &#8220;][vc_column width=&#8221;2\/3&#8221;][vc_row_inner][vc_column_inner][\/vc_column_inner][\/vc_row_inner][vc_row_inner][vc_column_inner][vc_column_text]<\/p>\n<h2><span style=\"color: #000000;\"><strong><span style=\"font-size: 18pt;\">Nous proposons un Service aux entreprises complet et sur mesure<\/span><\/strong><\/span><\/h2>\n<p>[\/vc_column_text][vc_separator color=&#8221;custom&#8221; align=&#8221;align_left&#8221; border_width=&#8221;2&#8243; el_width=&#8221;10&#8243; css=&#8221;.vc_custom_1524073243170{margin-top: -25px !important;}&#8221; accent_color=&#8221;#896b2c&#8221;][\/vc_column_inner][\/vc_row_inner][vc_column_text]<span style=\"color: #000000; font-size: 12pt;\">Que vous soyez une petite soci\u00e9t\u00e9 ou un grand groupe, VTC Prestige Premium vous propose des solutions adapt\u00e9es pour organiser et superviser les d\u00e9placements de vos collaborateurs sur la r\u00e9gion toulousaine.<\/span>[\/vc_column_text][vc_row_inner][vc_column_inner][vc_column_text]<span style=\"color: #000000;\"><span style=\"font-size: 18.6667px;\"><b><span style=\"font-size: 12pt;\">Pour vos d\u00e9placements professionnels<\/span><br \/>\n<\/b><\/span><\/span><span style=\"color: #000000; font-size: 12pt;\">Nous vous proposons aujourd&#8217;hui un nouveau regard sur vos d\u00e9placements professionnels.<\/span><br \/>\n<span style=\"color: #000000; font-size: 12pt;\">A partir d&#8217;une relation bas\u00e9e sur la confiance et l&#8217;expertise, nous mettons \u00e0 votre disposition un ensemble de services sur-mesure en fonction de vos besoins.<\/span><\/p>\n<p><span style=\"color: #000000; font-size: 14pt;\"><strong><span style=\"font-size: 12pt;\">Pour un \u00e9v\u00e8nement d&#8217;entreprise<\/span><br \/>\n<\/strong><\/span><span style=\"color: #000000;\">Votre soci\u00e9t\u00e9 projette d&#8217;organiser un \u00e9v\u00e8nement?<\/span><br \/>\n<span style=\"color: #000000;\">Faites appel \u00e0 nos services de VTC ! Nous planifions et organisons, tout les transferts et mise \u00e0 disposions pour vos collaborateurs ou vos clients. Profitez de nos tarifs &#8220;Business solution&#8221; avec un chauffeur VTC sp\u00e9cialement form\u00e9 pour cette fonction.<\/span>[\/vc_column_text][\/vc_column_inner][\/vc_row_inner][vc_row_inner][vc_column_inner][vc_column_text]<\/p>\n<h3><span style=\"font-size: 18pt; color: #000000;\">Les avantages\u00a0<strong>Business Solution<\/strong><\/span><\/h3>\n<p>[\/vc_column_text][\/vc_column_inner][\/vc_row_inner][vc_row_inner][vc_column_inner width=&#8221;1\/2&#8243;][vc_column_text]<\/p>\n<h4><strong><span style=\"font-size: 14pt; color: #000000;\">Exigez un service de qualit\u00e9<\/span><\/strong><\/h4>\n<p><span style=\"color: #000000; font-size: 12pt;\">Un service disponible sur la r\u00e9gion toulousaine.<\/span><br \/>\n<span style=\"color: #000000; font-size: 12pt;\">&#8211; Disponibilit\u00e9 24h\/24, 7j\/7 au plus proche de votre entreprise<\/span><br \/>\n<span style=\"color: #000000; font-size: 12pt;\">&#8211; R\u00e9servation 24h \u00e0 l&#8217;avance<\/span><br \/>\n<span style=\"color: #000000; font-size: 12pt;\">&#8211; R\u00e9servation possible par : Mail, SMS, T\u00e9l\u00e9phone<\/span><\/p>\n<p><span style=\"color: #000000; font-size: 12pt;\">Des chauffeurs s\u00e9lectionn\u00e9s pour leur discr\u00e9tion et leur professionnalisme<\/span><\/p>\n<p><span style=\"color: #000000; font-size: 12pt;\">Un service optimis\u00e9 pour vos trajets A\u00e9roport<\/span><br \/>\n<span style=\"color: #000000; font-size: 12pt;\">&#8211; Accueil en sortie bagage avec Pancarte \/ Ipad au Nom de votre entreprise<\/span><br \/>\n<span style=\"color: #000000; font-size: 12pt;\">&#8211; Prise en compte automatique des retards de vol<\/span>[\/vc_column_text][\/vc_column_inner][vc_column_inner width=&#8221;1\/2&#8243;][vc_column_text]<\/p>\n<h4><span style=\"color: #000000;\"><strong><span style=\"font-size: 14pt;\">Maitrisez vos co\u00fbts<\/span><\/strong><\/span><\/h4>\n<p><span style=\"color: #000000; font-size: 12pt;\">Pas de frais superflux<\/span><br \/>\n<span style=\"color: #000000; font-size: 12pt;\">&#8211; Pas de frais d&#8217;approche<\/span><br \/>\n<span style=\"color: #000000; font-size: 12pt;\"><span style=\"color: #000000;\"><span style=\"color: #000000;\">&#8211; Attente gratuite 10 Minutes<\/span><\/span><\/span><br \/>\n<span style=\"color: #000000; font-size: 12pt;\"><br \/>\nPrix fixe annonc\u00e9s \u00e0 l&#8217;avance<\/span><br \/>\n<span style=\"color: #000000; font-size: 12pt;\">&#8211; Pas de variation en fonction du trafic<\/span><\/p>\n<p><span style=\"color: #000000; font-size: 12pt;\">R\u00e9duction des co\u00fbts jusqu&#8217;a 35% par rapport \u00e0 un taxi<\/span><br \/>\n<span style=\"color: #000000; font-size: 12pt;\">&#8211; Facturation \u00e0 la consommation uniquement<\/span><\/p>\n<p><span style=\"color: #000000; font-size: 12pt;\">Avantage &#8220;BUSINESS SOLUTION&#8221;<\/span><br \/>\n<span style=\"color: #000000; font-size: 12pt;\">&#8211; Profitez de 15% de remise pour chaque course<\/span><br \/>\n<span style=\"color: #000000; font-size: 12pt;\">&#8211; Priorit\u00e9 sur les cr\u00e9neaux de r\u00e9servations<\/span>[\/vc_column_text][\/vc_column_inner][\/vc_row_inner][vc_row_inner][vc_column_inner][\/vc_column_inner][\/vc_row_inner][vc_row_inner][vc_column_inner width=&#8221;1\/2&#8243;][\/vc_column_inner][vc_column_inner width=&#8221;1\/2&#8243;][\/vc_column_inner][\/vc_row_inner][\/vc_column][vc_column width=&#8221;1\/3&#8243;][vc_row_inner][vc_column_inner width=&#8221;1\/4&#8243; offset=&#8221;vc_hidden-xs&#8221;][vc_icon icon_fontawesome=&#8221;fa fa-check-circle-o&#8221; color=&#8221;custom&#8221; custom_color=&#8221;#bd9642&#8243;][\/vc_column_inner][vc_column_inner width=&#8221;3\/4&#8243;][vc_column_text]<strong><span style=\"color: #000000;\">Service \u00e0 bord<\/span><br \/>\n<\/strong>Voyagez tout confort, nous proposons toute une gamme de services \u00e0 bord : Paiement \u00e0 bord par (CB),Rafraichissement, acc\u00e8s internet wifi, chargeur mobile, magazines, si\u00e8ge enfant si besoin.[\/vc_column_text][\/vc_column_inner][\/vc_row_inner][vc_separator style=&#8221;dashed&#8221;][vc_row_inner][vc_column_inner width=&#8221;1\/4&#8243; offset=&#8221;vc_hidden-xs&#8221;][vc_icon icon_fontawesome=&#8221;fa fa-check-circle-o&#8221; color=&#8221;custom&#8221; custom_color=&#8221;#bd9642&#8243;][\/vc_column_inner][vc_column_inner width=&#8221;3\/4&#8243;][vc_column_text]<span style=\"color: #000000;\"><b>S\u00e9curit\u00e9<\/b><\/span><br \/>\nVotre s\u00e9curit\u00e9 est notre priorit\u00e9. Nos chauffeurs sont de v\u00e9ritables experts de la route et nos v\u00e9hicules parfaitement entretenus.[\/vc_column_text][\/vc_column_inner][\/vc_row_inner][vc_separator style=&#8221;dashed&#8221;][vc_row_inner][vc_column_inner width=&#8221;1\/4&#8243; offset=&#8221;vc_hidden-xs&#8221;][vc_icon icon_fontawesome=&#8221;fa fa-check-circle-o&#8221; color=&#8221;custom&#8221; custom_color=&#8221;#bd9642&#8243;][\/vc_column_inner][vc_column_inner width=&#8221;3\/4&#8243;][vc_column_text]<strong><span style=\"color: #000000;\">VTC : Tarif maitris\u00e9<\/span><br \/>\n<\/strong>Contrairement \u00e0 un taxi, vous n&#8217;avez pas de compteur qui tourne. Le tarif d&#8217;une course est connu et fix\u00e9, \u00e0 l&#8217;avance, pas de mauvaise surprise ![\/vc_column_text][\/vc_column_inner][\/vc_row_inner][vc_separator style=&#8221;dashed&#8221;][vc_row_inner][vc_column_inner width=&#8221;1\/4&#8243; offset=&#8221;vc_hidden-xs&#8221;][vc_icon icon_fontawesome=&#8221;fa fa-check-circle-o&#8221; color=&#8221;custom&#8221; custom_color=&#8221;#bd9642&#8243;][\/vc_column_inner][vc_column_inner width=&#8221;3\/4&#8243;][vc_column_text]<strong><span style=\"color: #000000;\">Courtoisie, discr\u00e9tion et convivialit\u00e9<\/span><br \/>\n<\/strong>Nos chauffeurs sont courtois et nous avons \u00e0 coeur de faire de votre transfert un moment agr\u00e9able. Nous connaissons vos habitudes et savons en tenir compte.[\/vc_column_text][\/vc_column_inner][\/vc_row_inner][\/vc_column][\/vc_row][vc_row css=&#8221;.vc_custom_1524209063200{padding-top: 50px !important;padding-bottom: 50px !important;background-image: url(https:\/\/vantablack.eu\/wp-content\/uploads\/2018\/04\/chauffeur-vtc-office-ConvertImage-3.jpg?id=1492) !important;background-position: center !important;background-repeat: no-repeat !important;background-size: cover !important;}&#8221;][vc_column width=&#8221;2\/3&#8243;][vc_column_text]<\/p>\n<p style=\"text-align: center;\"><span style=\"color: #ffffff; font-size: 24pt;\"><strong>Adh\u00e9rer \u00e0 notre offre entreprise<\/strong><\/span><\/p>\n<p>[\/vc_column_text][\/vc_column][vc_column width=&#8221;1\/3&#8243;][vc_btn title=&#8221;CONTACTEZ-NOUS&#8221; style=&#8221;outline-custom&#8221; outline_custom_color=&#8221;#ffffff&#8221; outline_custom_hover_background=&#8221;#ffffff&#8221; outline_custom_hover_text=&#8221;#000000&#8243; shape=&#8221;square&#8221; size=&#8221;lg&#8221; align=&#8221;center&#8221; link=&#8221;url:https%3A%2F%2Fvtc-prestige-premium.com%2Fen%2Fcontact-us|||&#8221;][\/vc_column][\/vc_row][vc_row gap=&#8221;25&#8243; equal_height=&#8221;yes&#8221; el_class=&#8221; container &#8220;][vc_column width=&#8221;1\/2&#8243; css=&#8221;.vc_custom_1525259104645{padding-top: 120px !important;background-image: url(https:\/\/vantablack.eu\/wp-content\/uploads\/2018\/04\/chauffeur-vtc-prive-transfert.jpg?id=1369) !important;background-position: center !important;background-repeat: no-repeat !important;background-size: cover !important;}&#8221;][vc_column_text css=&#8221;.vc_custom_1525435888344{padding-bottom: 20px !important;}&#8221;]<\/p>\n<h2 style=\"text-align: center;\"><span style=\"font-size: 18pt; color: #ffffff;\"><strong>Transfert A\u00e9roport<br \/>\n<\/strong>Berline &amp; Van<\/span><\/h2>\n<p>[\/vc_column_text][vc_btn title=&#8221;Acc\u00e9der&#8221; style=&#8221;outline-custom&#8221; outline_custom_color=&#8221;#ffffff&#8221; outline_custom_hover_background=&#8221;#ffffff&#8221; outline_custom_hover_text=&#8221;#000000&#8243; shape=&#8221;square&#8221; align=&#8221;center&#8221; link=&#8221;url:https%3A%2F%2Fvtc-prestige-premium.com%2Fen%2Fairport-transfers|||&#8221;][\/vc_column][vc_column width=&#8221;1\/2&#8243; css=&#8221;.vc_custom_1525259218032{padding-top: 120px !important;background-image: url(https:\/\/vantablack.eu\/wp-content\/uploads\/2018\/04\/chauffeur-vtc-mercedes.jpg?id=1580) !important;background-position: center !important;background-repeat: no-repeat !important;background-size: cover !important;}&#8221;][vc_column_text css=&#8221;.vc_custom_1525435895624{padding-bottom: 20px !important;}&#8221;]<\/p>\n<h2 style=\"text-align: center;\"><span style=\"font-size: 18pt; color: #ffffff;\"><strong>Mise \u00e0 Disposition<br \/>\n<\/strong>De v\u00e9hicule avec Chauffeur<\/span><\/h2>\n<p>[\/vc_column_text][vc_btn title=&#8221;Acc\u00e9der&#8221; style=&#8221;outline-custom&#8221; outline_custom_color=&#8221;#ffffff&#8221; outline_custom_hover_background=&#8221;#ffffff&#8221; outline_custom_hover_text=&#8221;#000000&#8243; shape=&#8221;square&#8221; align=&#8221;center&#8221; link=&#8221;url:https%3A%2F%2Fvtc-prestige-premium.com%2Fen%2Fcustom-service|||&#8221;][\/vc_column][\/vc_row][vc_row gap=&#8221;25&#8243; equal_height=&#8221;yes&#8221; el_class=&#8221; container &#8220;][vc_column width=&#8221;1\/2&#8243; css=&#8221;.vc_custom_1525265078348{background-image: url(https:\/\/vantablack.eu\/wp-content\/uploads\/2018\/04\/chauffeur-vtc-nice-1.jpg?id=1437) !important;background-position: center !important;background-repeat: no-repeat !important;background-size: cover !important;}&#8221;][vc_column_text]<\/p>\n<h2 style=\"text-align: center;\"><span style=\"font-size: 18pt; color: #ffffff;\"><strong>EXCURSIONS<br \/>\n<\/strong>&amp; VISITES TOURISTIQUES<\/span><\/h2>\n<p>[\/vc_column_text][\/vc_column][vc_column width=&#8221;1\/2&#8243; css=&#8221;.vc_custom_1525265092530{background-image: url(https:\/\/vantablack.eu\/wp-content\/uploads\/2018\/04\/business-chauffeur-vtc.jpg?id=1486) !important;background-position: center !important;background-repeat: no-repeat !important;background-size: cover !important;}&#8221;][vc_column_text]<\/p>\n<h2 style=\"text-align: center;\"><span style=\"font-size: 18pt; color: #ffffff;\"><strong>\u00c9V\u00c9NEMENTS<br \/>\n<\/strong>&amp; FLOCAGE DE V\u00c9HICULES<\/span><\/h2>\n<p>[\/vc_column_text][\/vc_column][\/vc_row]<\/p>\n","protected":false},"excerpt":{"rendered":"<p>[vc_row css=&#8221;.vc_custom_1528289714625{background-image: url(https:\/\/vantablack.eu\/wp-content\/uploads\/2018\/04\/vtc-offre-entreprise.jpg?id=1658) !important;background-position: center !important;background-repeat: no-repeat !important;background-size: cover !important;}&#8221; el_class=&#8221;homepage-slider bg-attached&#8221;][vc_column css=&#8221;.vc_custom_1523973182476{margin-top: 100px !important;}&#8221;][vc_custom_heading text=&#8221;business solution&#8221; font_container=&#8221;tag:h1|font_size:50|text_align:center|color:%23ffffff&#8221; google_fonts=&#8221;font_family:Open%20Sans%3A300%2C300italic%2Cregular%2Citalic%2C600%2C600italic%2C700%2C700italic%2C800%2C800italic|font_style:800%20bold%20regular%3A800%3Anormal&#8221;][vc_separator color=&#8221;custom&#8221; border_width=&#8221;2&#8243; el_width=&#8221;10&#8243; accent_color=&#8221;#896b2c&#8221;][vc_column_text css=&#8221;.vc_custom_1534755334842{margin-top: -20px !important;}&#8221;] Besoin d&#8217;un chauffeur priv\u00e9 pour vos d\u00e9placements professionnel sur Toulouse? C&#8217;est possible avec VTC PRESTIGE PREMIUM qui vous propose un service sur-mesure de location de voiture avec chauffeur\u00a0 [\/vc_column_text][\/vc_column][\/vc_row][vc_row [&hellip;]<\/p>\n","protected":false},"author":1,"featured_media":0,"parent":0,"menu_order":0,"comment_status":"closed","ping_status":"closed","template":"home-page.php","meta":{"_monsterinsights_skip_tracking":false,"_monsterinsights_sitenote_active":false,"_monsterinsights_sitenote_note":"","_monsterinsights_sitenote_category":0,"footnotes":""},"class_list":["post-2035","page","type-page","status-publish","hentry"],"yoast_head":"<!-- This site is optimized with the Yoast SEO plugin v27.5 - https:\/\/yoast.com\/product\/yoast-seo-wordpress\/ -->\n<title>Chauffeur Priv\u00e9 VTC - Lille<\/title>\n<meta name=\"description\" content=\"R\u00e9servez votre chauffeur priv\u00e9 sur Lille et b\u00e9n\u00e9ficiez d&#039;un tarif fixe avantageux. Disponible 7j\/7 - 24h\/24 pour r\u00e9pondre au mieux \u00e0 vos besoins. Attente et Annulation Gratuite.\" \/>\n<meta name=\"robots\" content=\"index, follow, max-snippet:-1, max-image-preview:large, max-video-preview:-1\" \/>\n<link rel=\"canonical\" href=\"https:\/\/vtc-prestige-premium.com\/en\/business-solution\/\" \/>\n<meta property=\"og:locale\" content=\"en_US\" \/>\n<meta property=\"og:type\" content=\"article\" \/>\n<meta property=\"og:title\" content=\"Chauffeur Priv\u00e9 VTC - Lille\" \/>\n<meta property=\"og:description\" content=\"R\u00e9servez votre chauffeur priv\u00e9 sur Lille et b\u00e9n\u00e9ficiez d&#039;un tarif fixe avantageux. Disponible 7j\/7 - 24h\/24 pour r\u00e9pondre au mieux \u00e0 vos besoins. Attente et Annulation Gratuite.\" \/>\n<meta property=\"og:url\" content=\"https:\/\/vtc-prestige-premium.com\/en\/business-solution\/\" \/>\n<meta property=\"og:site_name\" content=\"Service de Chauffeur Priv\u00e9\" \/>\n<meta property=\"article:publisher\" content=\"https:\/\/www.facebook.com\/ToulouseAirportCab\" \/>\n<meta property=\"article:modified_time\" content=\"2018-08-21T08:05:02+00:00\" \/>\n<meta property=\"og:image\" content=\"https:\/\/vtc-prestige-premium.com\/wp-content\/uploads\/2018\/11\/cerca-autista-privato-1.jpg\" \/>\n\t<meta property=\"og:image:width\" content=\"1080\" \/>\n\t<meta property=\"og:image:height\" content=\"700\" \/>\n\t<meta property=\"og:image:type\" content=\"image\/jpeg\" \/>\n<meta name=\"twitter:label1\" content=\"Est. reading time\" \/>\n\t<meta name=\"twitter:data1\" content=\"6 minutes\" \/>\n<script type=\"application\/ld+json\" class=\"yoast-schema-graph\">{\"@context\":\"https:\\\/\\\/schema.org\",\"@graph\":[{\"@type\":\"WebPage\",\"@id\":\"https:\\\/\\\/vtc-prestige-premium.com\\\/en\\\/business-solution\\\/\",\"url\":\"https:\\\/\\\/vtc-prestige-premium.com\\\/en\\\/business-solution\\\/\",\"name\":\"Chauffeur Priv\u00e9 VTC - Lille\",\"isPartOf\":{\"@id\":\"https:\\\/\\\/vtc-prestige-premium.com\\\/#website\"},\"datePublished\":\"2018-06-10T18:01:42+00:00\",\"dateModified\":\"2018-08-21T08:05:02+00:00\",\"description\":\"R\u00e9servez votre chauffeur priv\u00e9 sur Lille et b\u00e9n\u00e9ficiez d'un tarif fixe avantageux. Disponible 7j\\\/7 - 24h\\\/24 pour r\u00e9pondre au mieux \u00e0 vos besoins. Attente et Annulation Gratuite.\",\"breadcrumb\":{\"@id\":\"https:\\\/\\\/vtc-prestige-premium.com\\\/en\\\/business-solution\\\/#breadcrumb\"},\"inLanguage\":\"en-US\",\"potentialAction\":[{\"@type\":\"ReadAction\",\"target\":[\"https:\\\/\\\/vtc-prestige-premium.com\\\/en\\\/business-solution\\\/\"]}]},{\"@type\":\"BreadcrumbList\",\"@id\":\"https:\\\/\\\/vtc-prestige-premium.com\\\/en\\\/business-solution\\\/#breadcrumb\",\"itemListElement\":[{\"@type\":\"ListItem\",\"position\":1,\"name\":\"Home\",\"item\":\"https:\\\/\\\/vtc-prestige-premium.com\\\/en\\\/\"},{\"@type\":\"ListItem\",\"position\":2,\"name\":\"Business Solution\"}]},{\"@type\":\"WebSite\",\"@id\":\"https:\\\/\\\/vtc-prestige-premium.com\\\/#website\",\"url\":\"https:\\\/\\\/vtc-prestige-premium.com\\\/\",\"name\":\"Service de Chauffeur Priv\u00e9\",\"description\":\" VTC Lille\",\"publisher\":{\"@id\":\"https:\\\/\\\/vtc-prestige-premium.com\\\/#organization\"},\"potentialAction\":[{\"@type\":\"SearchAction\",\"target\":{\"@type\":\"EntryPoint\",\"urlTemplate\":\"https:\\\/\\\/vtc-prestige-premium.com\\\/?s={search_term_string}\"},\"query-input\":{\"@type\":\"PropertyValueSpecification\",\"valueRequired\":true,\"valueName\":\"search_term_string\"}}],\"inLanguage\":\"en-US\"},{\"@type\":\"Organization\",\"@id\":\"https:\\\/\\\/vtc-prestige-premium.com\\\/#organization\",\"name\":\"VTC PRESTIGE PREMIUM\",\"url\":\"https:\\\/\\\/vtc-prestige-premium.com\\\/\",\"logo\":{\"@type\":\"ImageObject\",\"inLanguage\":\"en-US\",\"@id\":\"https:\\\/\\\/vtc-prestige-premium.com\\\/#\\\/schema\\\/logo\\\/image\\\/\",\"url\":\"https:\\\/\\\/vtc-prestige-premium.com\\\/wp-content\\\/uploads\\\/2020\\\/10\\\/Business-woman-in-car-with-private-driver.jpg\",\"contentUrl\":\"https:\\\/\\\/vtc-prestige-premium.com\\\/wp-content\\\/uploads\\\/2020\\\/10\\\/Business-woman-in-car-with-private-driver.jpg\",\"width\":1000,\"height\":667,\"caption\":\"VTC PRESTIGE PREMIUM\"},\"image\":{\"@id\":\"https:\\\/\\\/vtc-prestige-premium.com\\\/#\\\/schema\\\/logo\\\/image\\\/\"},\"sameAs\":[\"https:\\\/\\\/www.facebook.com\\\/ToulouseAirportCab\",\"https:\\\/\\\/linkedin.com\\\/company\\\/vtc-prestige-premium\"]}]}<\/script>\n<!-- \/ Yoast SEO plugin. -->","yoast_head_json":{"title":"Chauffeur Priv\u00e9 VTC - Lille","description":"R\u00e9servez votre chauffeur priv\u00e9 sur Lille et b\u00e9n\u00e9ficiez d'un tarif fixe avantageux. Disponible 7j\/7 - 24h\/24 pour r\u00e9pondre au mieux \u00e0 vos besoins. Attente et Annulation Gratuite.","robots":{"index":"index","follow":"follow","max-snippet":"max-snippet:-1","max-image-preview":"max-image-preview:large","max-video-preview":"max-video-preview:-1"},"canonical":"https:\/\/vtc-prestige-premium.com\/en\/business-solution\/","og_locale":"en_US","og_type":"article","og_title":"Chauffeur Priv\u00e9 VTC - Lille","og_description":"R\u00e9servez votre chauffeur priv\u00e9 sur Lille et b\u00e9n\u00e9ficiez d'un tarif fixe avantageux. Disponible 7j\/7 - 24h\/24 pour r\u00e9pondre au mieux \u00e0 vos besoins. Attente et Annulation Gratuite.","og_url":"https:\/\/vtc-prestige-premium.com\/en\/business-solution\/","og_site_name":"Service de Chauffeur Priv\u00e9","article_publisher":"https:\/\/www.facebook.com\/ToulouseAirportCab","article_modified_time":"2018-08-21T08:05:02+00:00","og_image":[{"width":1080,"height":700,"url":"https:\/\/vtc-prestige-premium.com\/wp-content\/uploads\/2018\/11\/cerca-autista-privato-1.jpg","type":"image\/jpeg"}],"twitter_misc":{"Est. reading time":"6 minutes"},"schema":{"@context":"https:\/\/schema.org","@graph":[{"@type":"WebPage","@id":"https:\/\/vtc-prestige-premium.com\/en\/business-solution\/","url":"https:\/\/vtc-prestige-premium.com\/en\/business-solution\/","name":"Chauffeur Priv\u00e9 VTC - Lille","isPartOf":{"@id":"https:\/\/vtc-prestige-premium.com\/#website"},"datePublished":"2018-06-10T18:01:42+00:00","dateModified":"2018-08-21T08:05:02+00:00","description":"R\u00e9servez votre chauffeur priv\u00e9 sur Lille et b\u00e9n\u00e9ficiez d'un tarif fixe avantageux. Disponible 7j\/7 - 24h\/24 pour r\u00e9pondre au mieux \u00e0 vos besoins. Attente et Annulation Gratuite.","breadcrumb":{"@id":"https:\/\/vtc-prestige-premium.com\/en\/business-solution\/#breadcrumb"},"inLanguage":"en-US","potentialAction":[{"@type":"ReadAction","target":["https:\/\/vtc-prestige-premium.com\/en\/business-solution\/"]}]},{"@type":"BreadcrumbList","@id":"https:\/\/vtc-prestige-premium.com\/en\/business-solution\/#breadcrumb","itemListElement":[{"@type":"ListItem","position":1,"name":"Home","item":"https:\/\/vtc-prestige-premium.com\/en\/"},{"@type":"ListItem","position":2,"name":"Business Solution"}]},{"@type":"WebSite","@id":"https:\/\/vtc-prestige-premium.com\/#website","url":"https:\/\/vtc-prestige-premium.com\/","name":"Service de Chauffeur Priv\u00e9","description":" VTC Lille","publisher":{"@id":"https:\/\/vtc-prestige-premium.com\/#organization"},"potentialAction":[{"@type":"SearchAction","target":{"@type":"EntryPoint","urlTemplate":"https:\/\/vtc-prestige-premium.com\/?s={search_term_string}"},"query-input":{"@type":"PropertyValueSpecification","valueRequired":true,"valueName":"search_term_string"}}],"inLanguage":"en-US"},{"@type":"Organization","@id":"https:\/\/vtc-prestige-premium.com\/#organization","name":"VTC PRESTIGE PREMIUM","url":"https:\/\/vtc-prestige-premium.com\/","logo":{"@type":"ImageObject","inLanguage":"en-US","@id":"https:\/\/vtc-prestige-premium.com\/#\/schema\/logo\/image\/","url":"https:\/\/vtc-prestige-premium.com\/wp-content\/uploads\/2020\/10\/Business-woman-in-car-with-private-driver.jpg","contentUrl":"https:\/\/vtc-prestige-premium.com\/wp-content\/uploads\/2020\/10\/Business-woman-in-car-with-private-driver.jpg","width":1000,"height":667,"caption":"VTC PRESTIGE PREMIUM"},"image":{"@id":"https:\/\/vtc-prestige-premium.com\/#\/schema\/logo\/image\/"},"sameAs":["https:\/\/www.facebook.com\/ToulouseAirportCab","https:\/\/linkedin.com\/company\/vtc-prestige-premium"]}]}},"_hostinger_reach_plugin_has_subscription_block":false,"_hostinger_reach_plugin_is_elementor":false,"_links":{"self":[{"href":"https:\/\/vtc-prestige-premium.com\/en\/wp-json\/wp\/v2\/pages\/2035","targetHints":{"allow":["GET"]}}],"collection":[{"href":"https:\/\/vtc-prestige-premium.com\/en\/wp-json\/wp\/v2\/pages"}],"about":[{"href":"https:\/\/vtc-prestige-premium.com\/en\/wp-json\/wp\/v2\/types\/page"}],"author":[{"embeddable":true,"href":"https:\/\/vtc-prestige-premium.com\/en\/wp-json\/wp\/v2\/users\/1"}],"replies":[{"embeddable":true,"href":"https:\/\/vtc-prestige-premium.com\/en\/wp-json\/wp\/v2\/comments?post=2035"}],"version-history":[{"count":6,"href":"https:\/\/vtc-prestige-premium.com\/en\/wp-json\/wp\/v2\/pages\/2035\/revisions"}],"predecessor-version":[{"id":2492,"href":"https:\/\/vtc-prestige-premium.com\/en\/wp-json\/wp\/v2\/pages\/2035\/revisions\/2492"}],"wp:attachment":[{"href":"https:\/\/vtc-prestige-premium.com\/en\/wp-json\/wp\/v2\/media?parent=2035"}],"curies":[{"name":"wp","href":"https:\/\/api.w.org\/{rel}","templated":true}]}}