{"id":2036,"date":"2018-06-10T18:00:58","date_gmt":"2018-06-10T18:00:58","guid":{"rendered":"https:\/\/vtc-prestige-premium.com\/?page_id=2036"},"modified":"2018-08-21T15:12:59","modified_gmt":"2018-08-21T13:12:59","slug":"airport-transfers","status":"publish","type":"page","link":"https:\/\/vtc-prestige-premium.com\/en\/airport-transfers\/","title":{"rendered":"Airport transfers"},"content":{"rendered":"<p>[vc_row css=&#8221;.vc_custom_1525077079944{background-image: url(https:\/\/vantablack.eu\/wp-content\/uploads\/2018\/04\/vtc-aeroport-nice.jpg?id=1662) !important;background-position: center !important;background-repeat: no-repeat !important;background-size: cover !important;}&#8221; el_class=&#8221;homepage-slider bg-attached&#8221;][vc_column css=&#8221;.vc_custom_1523973182476{margin-top: 100px !important;}&#8221;][vc_custom_heading text=&#8221;Airport Toulouse Transfer&#8221; font_container=&#8221;tag:h1|font_size:50|text_align:center|color:%23ffffff&#8221; google_fonts=&#8221;font_family:Open%20Sans%3A300%2C300italic%2Cregular%2Citalic%2C600%2C600italic%2C700%2C700italic%2C800%2C800italic|font_style:800%20bold%20regular%3A800%3Anormal&#8221;][vc_separator color=&#8221;custom&#8221; border_width=&#8221;2&#8243; el_width=&#8221;10&#8243; accent_color=&#8221;#bd9642&#8243;][vc_column_text css=&#8221;.vc_custom_1534753590519{margin-top: -25px !important;}&#8221;]<\/p>\n<p class=\"subtitle-lvl1\" style=\"text-align: center;\"><span style=\"font-family: 'trebuchet ms', geneva, sans-serif; color: #ffffff;\"><strong><span style=\"font-size: 18pt;\">Vous souhaitez vous rendre \u00e0 l&#8217;a\u00e9roport de Toulouse<br \/>\n<\/span><\/strong><span style=\"font-size: 18pt;\">Nous mettons \u00e0 votre disposition des moyens de transport pratiques<\/span><span style=\"font-size: 18pt;\"><br \/>\npour relier l&#8217;a\u00e9roport et votre domicile ou votre bureau<\/span><\/span><\/p>\n<p>[\/vc_column_text][\/vc_column][\/vc_row][vc_row el_class=&#8221; container &#8220;][vc_column width=&#8221;2\/3&#8221;][vc_column_text]<\/p>\n<h2><span style=\"font-family: arial, helvetica, sans-serif; color: #000000;\"><strong><span style=\"font-size: 18pt;\">Pour une arriv\u00e9e sereine \u00e0 l&#8217;a\u00e9roport<\/span><\/strong><\/span><\/h2>\n<p>[\/vc_column_text][vc_separator color=&#8221;custom&#8221; align=&#8221;align_left&#8221; border_width=&#8221;2&#8243; el_width=&#8221;10&#8243; css=&#8221;.vc_custom_1524139363107{margin-top: -25px !important;}&#8221; accent_color=&#8221;#bd9642&#8243;][vc_column_text]<span style=\"color: #000000; font-size: 12pt;\">Voyagez sereinement avec un Chauffeur Priv\u00e9 : pas de compteur qui tourne, aucun suppl\u00e9ment de tarif et n&#8217;attendez plus votre tour dans la file des Taxis.<\/span><br \/>\n<span style=\"color: #000000; font-size: 12pt;\"><strong>Vous arrivez \u00e0 l&#8217;a\u00e9roport?\u00a0<\/strong>Un chauffeur vous attend avec une pancarte nominative \u00e0 la sortie douane et nous portons vos valises jusqu&#8217;au v\u00e9hicule.<\/span><br \/>\n<span style=\"color: #000000; font-size: 12pt;\"><strong>Vous allez \u00e0 l&#8217;a\u00e9roport?\u00a0<\/strong>Programmez l&#8217;arriv\u00e9e d&#8217;un chauffeur chez vous ou dans votre h\u00f4tel.<\/span><\/p>\n<p><span style=\"color: #000000; font-size: 12pt;\">Nous proposons un service haut de gamme, discret et personnalis\u00e9 avec un Chauffeur VTC.<\/span><br \/>\n<span style=\"color: #000000; font-size: 12pt;\">Votre avion est en retard! Pas de panique, nous adaptons l&#8217;horaire de votre transfert au retard de votre vol. N&#8217;oubliez pas de nous indiquer lors de votre r\u00e9servation, votre num\u00e9ro de vol.<\/span>[\/vc_column_text][vc_column_text]<\/p>\n<h3><span style=\"color: #000000; font-size: 14pt;\"><strong>R\u00e9servation en quelques clics<\/strong><\/span><\/h3>\n<p><span style=\"color: #000000; font-size: 12pt;\"><strong>Plusieurs moyens de r\u00e9servation \u00e0 votre disposition :<\/strong><\/span><\/p>\n<ul style=\"list-style-type: square;\">\n<li><span style=\"color: #000000; font-size: 12pt;\">R\u00e9servation par t\u00e9l\u00e9phone<\/span><\/li>\n<li><span style=\"color: #000000; font-size: 12pt;\">R\u00e9servation par email<\/span><\/li>\n<li><span style=\"color: #000000; font-size: 12pt;\">R\u00e9servation via internet ou votre mobile<\/span><\/li>\n<\/ul>\n<p><span style=\"color: #000000; font-size: 12pt;\"><strong>Plusieurs moyens de paiement \u00e0 votre disposition<\/strong><\/span><\/p>\n<ul style=\"list-style-type: square;\">\n<li><span style=\"color: #000000; font-size: 12pt;\">Paiement Carte Bancaire\u00a0<\/span><\/li>\n<li><span style=\"color: #000000; font-size: 12pt;\">Paiement en esp\u00e8ce \u00e0 bord de nos v\u00e9hicules\u00a0<\/span><\/li>\n<li><span style=\"color: #000000; font-size: 12pt;\">Virement Bancaire &#8220;uniquement pour les entreprises&#8221;\u00a0<\/span><\/li>\n<\/ul>\n<p><span style=\"color: #000000; font-size: 12pt;\"> \u00a0 \u00a0<\/span>[\/vc_column_text][vc_single_image image=&#8221;1303&#8243; img_size=&#8221;large&#8221; alignment=&#8221;center&#8221; css=&#8221;.vc_custom_1524135487179{margin-top: -40px !important;}&#8221;][vc_row_inner][vc_column_inner width=&#8221;1\/2&#8243;][\/vc_column_inner][vc_column_inner width=&#8221;1\/2&#8243;][\/vc_column_inner][\/vc_row_inner][\/vc_column][vc_column width=&#8221;1\/3&#8243;][vc_row_inner][vc_column_inner width=&#8221;1\/4&#8243; offset=&#8221;vc_hidden-xs&#8221;][vc_icon icon_fontawesome=&#8221;fa fa-check-circle-o&#8221; color=&#8221;custom&#8221; size=&#8221;lg&#8221; custom_color=&#8221;#bd9642&#8243;][\/vc_column_inner][vc_column_inner width=&#8221;3\/4&#8243;][vc_column_text]Service on board<br \/>\nTravel any comfort! We offer a range of services on board: Refreshment, wifi internet access, mobile charger, magazines, child seat if needed.[\/vc_column_text][\/vc_column_inner][\/vc_row_inner][vc_separator style=&#8221;dashed&#8221;][vc_row_inner][vc_column_inner width=&#8221;1\/4&#8243; offset=&#8221;vc_hidden-xs&#8221;][vc_icon icon_fontawesome=&#8221;fa fa-check-circle-o&#8221; color=&#8221;custom&#8221; size=&#8221;lg&#8221; custom_color=&#8221;#bd9642&#8243;][\/vc_column_inner][vc_column_inner width=&#8221;3\/4&#8243;][vc_column_text]<b>Security<\/b><br \/>\nYour security is our priority. Our drivers are true experts of the road and our vehicles perfectly maintained.[\/vc_column_text][\/vc_column_inner][\/vc_row_inner][vc_separator style=&#8221;dashed&#8221;][vc_row_inner][vc_column_inner width=&#8221;1\/4&#8243; offset=&#8221;vc_hidden-xs&#8221;][vc_icon icon_fontawesome=&#8221;fa fa-check-circle-o&#8221; color=&#8221;custom&#8221; size=&#8221;lg&#8221; custom_color=&#8221;#bd9642&#8243;][\/vc_column_inner][vc_column_inner width=&#8221;3\/4&#8243;][vc_column_text]<strong>VTC: Mastered price<br \/>\n<\/strong>Unlike a taxi, you do not have a meter running. The price of a race is known and fixed, in advance, no bad surprise![\/vc_column_text][\/vc_column_inner][\/vc_row_inner][vc_separator style=&#8221;dashed&#8221;][vc_row_inner][vc_column_inner width=&#8221;1\/4&#8243; offset=&#8221;vc_hidden-xs&#8221;][vc_icon icon_fontawesome=&#8221;fa fa-check-circle-o&#8221; color=&#8221;custom&#8221; size=&#8221;lg&#8221; custom_color=&#8221;#bd9642&#8243;][\/vc_column_inner][vc_column_inner width=&#8221;3\/4&#8243;][vc_column_text]<strong>Courtesy, discretion and friendliness<br \/>\n<\/strong>Our drivers are courteous and we are committed to making your transfer a pleasant one. We know your habits and know how to take them into account.[\/vc_column_text][\/vc_column_inner][\/vc_row_inner][\/vc_column][\/vc_row][vc_row css=&#8221;.vc_custom_1534754081840{padding-top: 50px !important;padding-bottom: 50px !important;background-image: url(https:\/\/vtc-prestige-premium.com\/wp-content\/uploads\/2018\/08\/France_Rivers_Bridges_497987_2560x1440-2-everglow.jpg?id=2457) !important;background-position: center !important;background-repeat: no-repeat !important;background-size: cover !important;}&#8221;][vc_column offset=&#8221;vc_col-lg-offset-0&#8243;][vc_btn title=&#8221;BOOK ONLINE&#8221; style=&#8221;outline-custom&#8221; outline_custom_color=&#8221;#ffffff&#8221; outline_custom_hover_background=&#8221;#ffffff&#8221; outline_custom_hover_text=&#8221;#000000&#8243; shape=&#8221;square&#8221; size=&#8221;lg&#8221; align=&#8221;center&#8221; css_animation=&#8221;fadeIn&#8221; link=&#8221;url:https%3A%2F%2Fvtc-prestige-premium.com%2Fen%2F|||&#8221;][\/vc_column][\/vc_row]<\/p>\n","protected":false},"excerpt":{"rendered":"<p>[vc_row css=&#8221;.vc_custom_1525077079944{background-image: url(https:\/\/vantablack.eu\/wp-content\/uploads\/2018\/04\/vtc-aeroport-nice.jpg?id=1662) !important;background-position: center !important;background-repeat: no-repeat !important;background-size: cover !important;}&#8221; el_class=&#8221;homepage-slider bg-attached&#8221;][vc_column css=&#8221;.vc_custom_1523973182476{margin-top: 100px !important;}&#8221;][vc_custom_heading text=&#8221;Airport Toulouse Transfer&#8221; font_container=&#8221;tag:h1|font_size:50|text_align:center|color:%23ffffff&#8221; google_fonts=&#8221;font_family:Open%20Sans%3A300%2C300italic%2Cregular%2Citalic%2C600%2C600italic%2C700%2C700italic%2C800%2C800italic|font_style:800%20bold%20regular%3A800%3Anormal&#8221;][vc_separator color=&#8221;custom&#8221; border_width=&#8221;2&#8243; el_width=&#8221;10&#8243; accent_color=&#8221;#bd9642&#8243;][vc_column_text css=&#8221;.vc_custom_1534753590519{margin-top: -25px !important;}&#8221;] Vous souhaitez vous rendre \u00e0 l&#8217;a\u00e9roport de Toulouse Nous mettons \u00e0 votre disposition des moyens de transport pratiques pour relier l&#8217;a\u00e9roport et votre domicile ou votre bureau [\/vc_column_text][\/vc_column][\/vc_row][vc_row [&hellip;]<\/p>\n","protected":false},"author":1,"featured_media":0,"parent":0,"menu_order":0,"comment_status":"closed","ping_status":"closed","template":"home-page.php","meta":{"_monsterinsights_skip_tracking":false,"_monsterinsights_sitenote_active":false,"_monsterinsights_sitenote_note":"","_monsterinsights_sitenote_category":0,"footnotes":""},"class_list":["post-2036","page","type-page","status-publish","hentry"],"yoast_head":"<!-- This site is optimized with the Yoast SEO plugin v27.5 - https:\/\/yoast.com\/product\/yoast-seo-wordpress\/ -->\n<title>Chauffeur Priv\u00e9 VTC - Lille<\/title>\n<meta name=\"description\" content=\"R\u00e9servez votre chauffeur priv\u00e9 sur Lille et b\u00e9n\u00e9ficiez d&#039;un tarif fixe avantageux. Disponible 7j\/7 - 24h\/24 pour r\u00e9pondre au mieux \u00e0 vos besoins. Attente et Annulation Gratuite.\" \/>\n<meta name=\"robots\" content=\"index, follow, max-snippet:-1, max-image-preview:large, max-video-preview:-1\" \/>\n<link rel=\"canonical\" href=\"https:\/\/vtc-prestige-premium.com\/en\/airport-transfers\/\" \/>\n<meta property=\"og:locale\" content=\"en_US\" \/>\n<meta property=\"og:type\" content=\"article\" \/>\n<meta property=\"og:title\" content=\"Chauffeur Priv\u00e9 VTC - Lille\" \/>\n<meta property=\"og:description\" content=\"R\u00e9servez votre chauffeur priv\u00e9 sur Lille et b\u00e9n\u00e9ficiez d&#039;un tarif fixe avantageux. Disponible 7j\/7 - 24h\/24 pour r\u00e9pondre au mieux \u00e0 vos besoins. Attente et Annulation Gratuite.\" \/>\n<meta property=\"og:url\" content=\"https:\/\/vtc-prestige-premium.com\/en\/airport-transfers\/\" \/>\n<meta property=\"og:site_name\" content=\"Service de Chauffeur Priv\u00e9\" \/>\n<meta property=\"article:publisher\" content=\"https:\/\/www.facebook.com\/ToulouseAirportCab\" \/>\n<meta property=\"article:modified_time\" content=\"2018-08-21T13:12:59+00:00\" \/>\n<meta property=\"og:image\" content=\"https:\/\/vtc-prestige-premium.com\/wp-content\/uploads\/2018\/11\/cerca-autista-privato-1.jpg\" \/>\n\t<meta property=\"og:image:width\" content=\"1080\" \/>\n\t<meta property=\"og:image:height\" content=\"700\" \/>\n\t<meta property=\"og:image:type\" content=\"image\/jpeg\" \/>\n<meta name=\"twitter:label1\" content=\"Est. reading time\" \/>\n\t<meta name=\"twitter:data1\" content=\"4 minutes\" \/>\n<script type=\"application\/ld+json\" class=\"yoast-schema-graph\">{\"@context\":\"https:\\\/\\\/schema.org\",\"@graph\":[{\"@type\":\"WebPage\",\"@id\":\"https:\\\/\\\/vtc-prestige-premium.com\\\/en\\\/airport-transfers\\\/\",\"url\":\"https:\\\/\\\/vtc-prestige-premium.com\\\/en\\\/airport-transfers\\\/\",\"name\":\"Chauffeur Priv\u00e9 VTC - Lille\",\"isPartOf\":{\"@id\":\"https:\\\/\\\/vtc-prestige-premium.com\\\/#website\"},\"datePublished\":\"2018-06-10T18:00:58+00:00\",\"dateModified\":\"2018-08-21T13:12:59+00:00\",\"description\":\"R\u00e9servez votre chauffeur priv\u00e9 sur Lille et b\u00e9n\u00e9ficiez d'un tarif fixe avantageux. Disponible 7j\\\/7 - 24h\\\/24 pour r\u00e9pondre au mieux \u00e0 vos besoins. Attente et Annulation Gratuite.\",\"breadcrumb\":{\"@id\":\"https:\\\/\\\/vtc-prestige-premium.com\\\/en\\\/airport-transfers\\\/#breadcrumb\"},\"inLanguage\":\"en-US\",\"potentialAction\":[{\"@type\":\"ReadAction\",\"target\":[\"https:\\\/\\\/vtc-prestige-premium.com\\\/en\\\/airport-transfers\\\/\"]}]},{\"@type\":\"BreadcrumbList\",\"@id\":\"https:\\\/\\\/vtc-prestige-premium.com\\\/en\\\/airport-transfers\\\/#breadcrumb\",\"itemListElement\":[{\"@type\":\"ListItem\",\"position\":1,\"name\":\"Home\",\"item\":\"https:\\\/\\\/vtc-prestige-premium.com\\\/en\\\/\"},{\"@type\":\"ListItem\",\"position\":2,\"name\":\"Airport transfers\"}]},{\"@type\":\"WebSite\",\"@id\":\"https:\\\/\\\/vtc-prestige-premium.com\\\/#website\",\"url\":\"https:\\\/\\\/vtc-prestige-premium.com\\\/\",\"name\":\"Service de Chauffeur Priv\u00e9\",\"description\":\" VTC Lille\",\"publisher\":{\"@id\":\"https:\\\/\\\/vtc-prestige-premium.com\\\/#organization\"},\"potentialAction\":[{\"@type\":\"SearchAction\",\"target\":{\"@type\":\"EntryPoint\",\"urlTemplate\":\"https:\\\/\\\/vtc-prestige-premium.com\\\/?s={search_term_string}\"},\"query-input\":{\"@type\":\"PropertyValueSpecification\",\"valueRequired\":true,\"valueName\":\"search_term_string\"}}],\"inLanguage\":\"en-US\"},{\"@type\":\"Organization\",\"@id\":\"https:\\\/\\\/vtc-prestige-premium.com\\\/#organization\",\"name\":\"VTC PRESTIGE PREMIUM\",\"url\":\"https:\\\/\\\/vtc-prestige-premium.com\\\/\",\"logo\":{\"@type\":\"ImageObject\",\"inLanguage\":\"en-US\",\"@id\":\"https:\\\/\\\/vtc-prestige-premium.com\\\/#\\\/schema\\\/logo\\\/image\\\/\",\"url\":\"https:\\\/\\\/vtc-prestige-premium.com\\\/wp-content\\\/uploads\\\/2020\\\/10\\\/Business-woman-in-car-with-private-driver.jpg\",\"contentUrl\":\"https:\\\/\\\/vtc-prestige-premium.com\\\/wp-content\\\/uploads\\\/2020\\\/10\\\/Business-woman-in-car-with-private-driver.jpg\",\"width\":1000,\"height\":667,\"caption\":\"VTC PRESTIGE PREMIUM\"},\"image\":{\"@id\":\"https:\\\/\\\/vtc-prestige-premium.com\\\/#\\\/schema\\\/logo\\\/image\\\/\"},\"sameAs\":[\"https:\\\/\\\/www.facebook.com\\\/ToulouseAirportCab\",\"https:\\\/\\\/linkedin.com\\\/company\\\/vtc-prestige-premium\"]}]}<\/script>\n<!-- \/ Yoast SEO plugin. -->","yoast_head_json":{"title":"Chauffeur Priv\u00e9 VTC - Lille","description":"R\u00e9servez votre chauffeur priv\u00e9 sur Lille et b\u00e9n\u00e9ficiez d'un tarif fixe avantageux. Disponible 7j\/7 - 24h\/24 pour r\u00e9pondre au mieux \u00e0 vos besoins. Attente et Annulation Gratuite.","robots":{"index":"index","follow":"follow","max-snippet":"max-snippet:-1","max-image-preview":"max-image-preview:large","max-video-preview":"max-video-preview:-1"},"canonical":"https:\/\/vtc-prestige-premium.com\/en\/airport-transfers\/","og_locale":"en_US","og_type":"article","og_title":"Chauffeur Priv\u00e9 VTC - Lille","og_description":"R\u00e9servez votre chauffeur priv\u00e9 sur Lille et b\u00e9n\u00e9ficiez d'un tarif fixe avantageux. Disponible 7j\/7 - 24h\/24 pour r\u00e9pondre au mieux \u00e0 vos besoins. Attente et Annulation Gratuite.","og_url":"https:\/\/vtc-prestige-premium.com\/en\/airport-transfers\/","og_site_name":"Service de Chauffeur Priv\u00e9","article_publisher":"https:\/\/www.facebook.com\/ToulouseAirportCab","article_modified_time":"2018-08-21T13:12:59+00:00","og_image":[{"width":1080,"height":700,"url":"https:\/\/vtc-prestige-premium.com\/wp-content\/uploads\/2018\/11\/cerca-autista-privato-1.jpg","type":"image\/jpeg"}],"twitter_misc":{"Est. reading time":"4 minutes"},"schema":{"@context":"https:\/\/schema.org","@graph":[{"@type":"WebPage","@id":"https:\/\/vtc-prestige-premium.com\/en\/airport-transfers\/","url":"https:\/\/vtc-prestige-premium.com\/en\/airport-transfers\/","name":"Chauffeur Priv\u00e9 VTC - Lille","isPartOf":{"@id":"https:\/\/vtc-prestige-premium.com\/#website"},"datePublished":"2018-06-10T18:00:58+00:00","dateModified":"2018-08-21T13:12:59+00:00","description":"R\u00e9servez votre chauffeur priv\u00e9 sur Lille et b\u00e9n\u00e9ficiez d'un tarif fixe avantageux. Disponible 7j\/7 - 24h\/24 pour r\u00e9pondre au mieux \u00e0 vos besoins. Attente et Annulation Gratuite.","breadcrumb":{"@id":"https:\/\/vtc-prestige-premium.com\/en\/airport-transfers\/#breadcrumb"},"inLanguage":"en-US","potentialAction":[{"@type":"ReadAction","target":["https:\/\/vtc-prestige-premium.com\/en\/airport-transfers\/"]}]},{"@type":"BreadcrumbList","@id":"https:\/\/vtc-prestige-premium.com\/en\/airport-transfers\/#breadcrumb","itemListElement":[{"@type":"ListItem","position":1,"name":"Home","item":"https:\/\/vtc-prestige-premium.com\/en\/"},{"@type":"ListItem","position":2,"name":"Airport transfers"}]},{"@type":"WebSite","@id":"https:\/\/vtc-prestige-premium.com\/#website","url":"https:\/\/vtc-prestige-premium.com\/","name":"Service de Chauffeur Priv\u00e9","description":" VTC Lille","publisher":{"@id":"https:\/\/vtc-prestige-premium.com\/#organization"},"potentialAction":[{"@type":"SearchAction","target":{"@type":"EntryPoint","urlTemplate":"https:\/\/vtc-prestige-premium.com\/?s={search_term_string}"},"query-input":{"@type":"PropertyValueSpecification","valueRequired":true,"valueName":"search_term_string"}}],"inLanguage":"en-US"},{"@type":"Organization","@id":"https:\/\/vtc-prestige-premium.com\/#organization","name":"VTC PRESTIGE PREMIUM","url":"https:\/\/vtc-prestige-premium.com\/","logo":{"@type":"ImageObject","inLanguage":"en-US","@id":"https:\/\/vtc-prestige-premium.com\/#\/schema\/logo\/image\/","url":"https:\/\/vtc-prestige-premium.com\/wp-content\/uploads\/2020\/10\/Business-woman-in-car-with-private-driver.jpg","contentUrl":"https:\/\/vtc-prestige-premium.com\/wp-content\/uploads\/2020\/10\/Business-woman-in-car-with-private-driver.jpg","width":1000,"height":667,"caption":"VTC PRESTIGE PREMIUM"},"image":{"@id":"https:\/\/vtc-prestige-premium.com\/#\/schema\/logo\/image\/"},"sameAs":["https:\/\/www.facebook.com\/ToulouseAirportCab","https:\/\/linkedin.com\/company\/vtc-prestige-premium"]}]}},"_hostinger_reach_plugin_has_subscription_block":false,"_hostinger_reach_plugin_is_elementor":false,"_links":{"self":[{"href":"https:\/\/vtc-prestige-premium.com\/en\/wp-json\/wp\/v2\/pages\/2036","targetHints":{"allow":["GET"]}}],"collection":[{"href":"https:\/\/vtc-prestige-premium.com\/en\/wp-json\/wp\/v2\/pages"}],"about":[{"href":"https:\/\/vtc-prestige-premium.com\/en\/wp-json\/wp\/v2\/types\/page"}],"author":[{"embeddable":true,"href":"https:\/\/vtc-prestige-premium.com\/en\/wp-json\/wp\/v2\/users\/1"}],"replies":[{"embeddable":true,"href":"https:\/\/vtc-prestige-premium.com\/en\/wp-json\/wp\/v2\/comments?post=2036"}],"version-history":[{"count":5,"href":"https:\/\/vtc-prestige-premium.com\/en\/wp-json\/wp\/v2\/pages\/2036\/revisions"}],"predecessor-version":[{"id":2509,"href":"https:\/\/vtc-prestige-premium.com\/en\/wp-json\/wp\/v2\/pages\/2036\/revisions\/2509"}],"wp:attachment":[{"href":"https:\/\/vtc-prestige-premium.com\/en\/wp-json\/wp\/v2\/media?parent=2036"}],"curies":[{"name":"wp","href":"https:\/\/api.w.org\/{rel}","templated":true}]}}